{"id":18,"date":"2020-09-02T14:28:39","date_gmt":"2020-09-02T12:28:39","guid":{"rendered":"https:\/\/cadelmago.it\/payment-request\/"},"modified":"2020-09-02T14:28:39","modified_gmt":"2020-09-02T12:28:39","slug":"payment-request","status":"publish","type":"page","link":"https:\/\/cadelmago.it\/fr\/payment-request\/","title":{"rendered":"Payment Request"},"content":{"rendered":"<div class=\"mphb_sc_payment_request_checkout-wrapper\"><p>D\u00e9sol\u00e9, aucune r\u00e9servation n&#039;a \u00e9t\u00e9 trouv\u00e9e.<\/p><\/div>","protected":false},"excerpt":{"rendered":"","protected":false},"author":1,"featured_media":0,"parent":0,"menu_order":0,"comment_status":"closed","ping_status":"closed","template":"","meta":[],"_links":{"self":[{"href":"https:\/\/cadelmago.it\/fr\/wp-json\/wp\/v2\/pages\/18"}],"collection":[{"href":"https:\/\/cadelmago.it\/fr\/wp-json\/wp\/v2\/pages"}],"about":[{"href":"https:\/\/cadelmago.it\/fr\/wp-json\/wp\/v2\/types\/page"}],"author":[{"embeddable":true,"href":"https:\/\/cadelmago.it\/fr\/wp-json\/wp\/v2\/users\/1"}],"replies":[{"embeddable":true,"href":"https:\/\/cadelmago.it\/fr\/wp-json\/wp\/v2\/comments?post=18"}],"version-history":[{"count":0,"href":"https:\/\/cadelmago.it\/fr\/wp-json\/wp\/v2\/pages\/18\/revisions"}],"wp:attachment":[{"href":"https:\/\/cadelmago.it\/fr\/wp-json\/wp\/v2\/media?parent=18"}],"curies":[{"name":"wp","href":"https:\/\/api.w.org\/{rel}","templated":true}]}}