{"id":1439,"date":"2020-10-07T16:25:59","date_gmt":"2020-10-07T14:25:59","guid":{"rendered":"https:\/\/cadelmago.it\/?page_id=1439"},"modified":"2020-10-09T13:43:56","modified_gmt":"2020-10-09T11:43:56","slug":"estate","status":"publish","type":"page","link":"https:\/\/cadelmago.it\/fr\/estate\/","title":{"rendered":"Estate"},"content":{"rendered":"<div data-elementor-type=\"wp-post\" data-elementor-id=\"1439\" class=\"elementor elementor-1439\" data-elementor-settings=\"[]\">\n\t\t\t\t\t\t<div class=\"elementor-inner\">\n\t\t\t\t\t\t\t<div class=\"elementor-section-wrap\">\n\t\t\t\t\t\t\t<section class=\"elementor-section elementor-top-section elementor-element elementor-element-0505083 elementor-section-stretched elementor-section-full_width elementor-section-height-default elementor-section-height-default\" data-id=\"0505083\" data-element_type=\"section\" data-settings=\"{&quot;stretch_section&quot;:&quot;section-stretched&quot;,&quot;background_background&quot;:&quot;classic&quot;,&quot;hoteller_ext_is_background_parallax&quot;:&quot;false&quot;,&quot;hoteller_ext_is_background_on_scroll&quot;:&quot;false&quot;}\">\n\t\t\t\t\t\t<div class=\"elementor-container elementor-column-gap-default\">\n\t\t\t\t\t\t\t<div class=\"elementor-row\">\n\t\t\t\t\t<div class=\"elementor-column elementor-col-100 elementor-top-column elementor-element elementor-element-0256a59\" data-id=\"0256a59\" data-element_type=\"column\" data-settings=\"{&quot;hoteller_ext_is_scrollme&quot;:&quot;false&quot;,&quot;hoteller_ext_is_smoove&quot;:&quot;false&quot;,&quot;hoteller_ext_is_parallax_mouse&quot;:&quot;false&quot;,&quot;hoteller_ext_is_infinite&quot;:&quot;false&quot;,&quot;hoteller_ext_is_fadeout_animation&quot;:&quot;false&quot;}\">\n\t\t\t<div class=\"elementor-column-wrap elementor-element-populated\">\n\t\t\t\t\t\t\t<div class=\"elementor-widget-wrap\">\n\t\t\t\t\t\t<div class=\"elementor-element elementor-element-62fef4c animated-slow mitico elementor-invisible elementor-widget elementor-widget-hoteller-slider-parallax\" data-id=\"62fef4c\" data-element_type=\"widget\" data-settings=\"{&quot;_animation&quot;:&quot;fadeIn&quot;,&quot;hoteller_ext_is_scrollme&quot;:&quot;false&quot;,&quot;hoteller_ext_is_smoove&quot;:&quot;false&quot;,&quot;hoteller_ext_is_parallax_mouse&quot;:&quot;false&quot;,&quot;hoteller_ext_is_infinite&quot;:&quot;false&quot;,&quot;hoteller_ext_is_fadeout_animation&quot;:&quot;false&quot;}\" data-widget_type=\"hoteller-slider-parallax.default\">\n\t\t\t\t<div class=\"elementor-widget-container\">\n\t\t\t<div class=\"slider_parallax_wrapper\" data-autoplay=\"6000\" data-pagination=\"1\" data-navigation=\"0\">\n\t<div class=\"slider_parallax_inner\">\n\t\t<div class=\"slider_parallax_slides\">\n\t\t\t\t\t\t<div class=\"slide is-active\">\n\t\t          \t<div class=\"slide-content\">\n\t\t            \t<div class=\"caption\">\n\t\t\t\t\t\t\t<div class=\"title\"><h2>EN \u00c9T\u00c9<\/h2><\/div>\n\t\t\t\t\t\t\t<div class=\"text\">\n\t\t                \t\t\t\t              \t\t<\/div> \n\t\t\t                \t\t            \t<\/div>\n\t\t          \t<\/div>\n\t\t\t\t  \t<div class=\"image-container\"> \n\t\t            \t<img src=\"https:\/\/cadelmago.it\/wp-content\/uploads\/2020\/09\/F_R_079.jpg\" alt=\"guest house La Spezia\" class=\"image\" \/>\n\t\t          \t<\/div>\n\t\t        <\/div>\n\t\t\t\t<\/div>\n\t\t\t\t<div class=\"pagination\">\n\t\t\t\t\t        <div class=\"item is-active\"> \n\t\t          <span class=\"icon\">1<\/span>\n\t\t        <\/div>\n\t        \t    <\/div>\n\t    \t    \t<\/div>\n<\/div>\n\t\t<\/div>\n\t\t\t\t<\/div>\n\t\t\t\t\t\t<\/div>\n\t\t\t\t\t<\/div>\n\t\t<\/div>\n\t\t\t\t\t\t\t\t<\/div>\n\t\t\t\t\t<\/div>\n\t\t<\/section>\n\t\t\t\t<section class=\"elementor-section elementor-top-section elementor-element elementor-element-28abcd7 elementor-section-boxed elementor-section-height-default elementor-section-height-default\" data-id=\"28abcd7\" data-element_type=\"section\" data-settings=\"{&quot;hoteller_ext_is_background_parallax&quot;:&quot;false&quot;,&quot;hoteller_ext_is_background_on_scroll&quot;:&quot;false&quot;}\">\n\t\t\t\t\t\t<div class=\"elementor-container elementor-column-gap-default\">\n\t\t\t\t\t\t\t<div class=\"elementor-row\">\n\t\t\t\t\t<div class=\"elementor-column elementor-col-100 elementor-top-column elementor-element elementor-element-6b94968\" data-id=\"6b94968\" data-element_type=\"column\" data-settings=\"{&quot;hoteller_ext_is_scrollme&quot;:&quot;false&quot;,&quot;hoteller_ext_is_smoove&quot;:&quot;false&quot;,&quot;hoteller_ext_is_parallax_mouse&quot;:&quot;false&quot;,&quot;hoteller_ext_is_infinite&quot;:&quot;false&quot;,&quot;hoteller_ext_is_fadeout_animation&quot;:&quot;false&quot;}\">\n\t\t\t<div class=\"elementor-column-wrap elementor-element-populated\">\n\t\t\t\t\t\t\t<div class=\"elementor-widget-wrap\">\n\t\t\t\t\t\t<div class=\"elementor-element elementor-element-764ca63 medium glu elementor-widget elementor-widget-heading\" data-id=\"764ca63\" data-element_type=\"widget\" data-settings=\"{&quot;hoteller_ext_is_scrollme&quot;:&quot;false&quot;,&quot;hoteller_ext_is_smoove&quot;:&quot;false&quot;,&quot;hoteller_ext_is_parallax_mouse&quot;:&quot;false&quot;,&quot;hoteller_ext_is_infinite&quot;:&quot;false&quot;,&quot;hoteller_ext_is_fadeout_animation&quot;:&quot;false&quot;}\" data-widget_type=\"heading.default\">\n\t\t\t\t<div class=\"elementor-widget-container\">\n\t\t\t<h2 class=\"elementor-heading-title elementor-size-default\">QUE FAIRE<\/h2>\t\t<\/div>\n\t\t\t\t<\/div>\n\t\t\t\t<div class=\"elementor-element elementor-element-13d40c3 piccino elementor-widget elementor-widget-text-editor\" data-id=\"13d40c3\" data-element_type=\"widget\" data-settings=\"{&quot;hoteller_ext_is_scrollme&quot;:&quot;false&quot;,&quot;hoteller_ext_is_smoove&quot;:&quot;false&quot;,&quot;hoteller_ext_is_parallax_mouse&quot;:&quot;false&quot;,&quot;hoteller_ext_is_infinite&quot;:&quot;false&quot;,&quot;hoteller_ext_is_fadeout_animation&quot;:&quot;false&quot;}\" data-widget_type=\"text-editor.default\">\n\t\t\t\t<div class=\"elementor-widget-container\">\n\t\t\t\t\t<div class=\"elementor-text-editor elementor-clearfix\"><p class=\"western translation-block\" align=\"justify\">En plus, C\u00e0 del Mago met \u00e0 votre disposition pour votre bien- \u00eatre un SPA avec une piscine \u00e0 remous, un sauna et une cabine-douche avec bain turc en toute saison. La position particuli\u00e8re de cette structure permet de rejoindre en peu de temps les plages les plus pittoresques du Golfe des Po\u00e8tes. En particulier, la Baie de Fiascherino, une petite plage de sable situ\u00e9e au milieu des rochers (que l'on peut atteindre \u00e0 pied apr\u00e8s une descente de 20 minutes), L'Eco del Mare, une station baln\u00e9aire luxueuse et exclusive, il Lido di Lerici (une plage de sable am\u00e9nag\u00e9e \u00e0 quelques pas du centre de Lerici), La Venere Azzura, (une grande plage de sable entre Lerici et San Terenzo), La Baia Blu, (une plage tr\u00e8s fr\u00e9quent\u00e9e entre Lerici et La Spezia). Il y a \u00e9galement de nombreuses petites criques entre Lerici et Tellaro, que l'on peut atteindre \u00e0 pied ou en bateau. Pour les amants de l'aventure, il y a la plage de Punta Corvo, accessible \u00e0 pied depuis le village de Montemarcello, en empruntant un sentier raide et parfois escarp\u00e9 de presque 1000 marches qui serpente parmi les pins maritimes. La situation g\u00e9ographique de cette villa offre enfin la possibilit\u00e9 d'effectuer des promenades inoubliables dans le maquis m\u00e9diterran\u00e9en qui descend jusqu'\u00e0 la mer.<\/p><\/div>\n\t\t\t\t<\/div>\n\t\t\t\t<\/div>\n\t\t\t\t\t\t<\/div>\n\t\t\t\t\t<\/div>\n\t\t<\/div>\n\t\t\t\t\t\t\t\t<\/div>\n\t\t\t\t\t<\/div>\n\t\t<\/section>\n\t\t\t\t<section class=\"elementor-section elementor-top-section elementor-element elementor-element-db91a61 elementor-section-boxed elementor-section-height-default elementor-section-height-default\" data-id=\"db91a61\" data-element_type=\"section\" data-settings=\"{&quot;hoteller_ext_is_background_parallax&quot;:&quot;false&quot;,&quot;hoteller_ext_is_background_on_scroll&quot;:&quot;false&quot;}\">\n\t\t\t\t\t\t<div class=\"elementor-container elementor-column-gap-default\">\n\t\t\t\t\t\t\t<div class=\"elementor-row\">\n\t\t\t\t\t<div class=\"elementor-column elementor-col-33 elementor-top-column elementor-element elementor-element-88de25c\" data-id=\"88de25c\" data-element_type=\"column\" data-settings=\"{&quot;hoteller_ext_is_scrollme&quot;:&quot;false&quot;,&quot;hoteller_ext_is_smoove&quot;:&quot;false&quot;,&quot;hoteller_ext_is_parallax_mouse&quot;:&quot;false&quot;,&quot;hoteller_ext_is_infinite&quot;:&quot;false&quot;,&quot;hoteller_ext_is_fadeout_animation&quot;:&quot;false&quot;}\">\n\t\t\t<div class=\"elementor-column-wrap elementor-element-populated\">\n\t\t\t\t\t\t\t<div class=\"elementor-widget-wrap\">\n\t\t\t\t\t\t<div class=\"elementor-element elementor-element-517022e elementor-widget elementor-widget-image\" data-id=\"517022e\" data-element_type=\"widget\" data-settings=\"{&quot;hoteller_image_is_animation&quot;:&quot;false&quot;,&quot;hoteller_ext_is_scrollme&quot;:&quot;false&quot;,&quot;hoteller_ext_is_smoove&quot;:&quot;false&quot;,&quot;hoteller_ext_is_parallax_mouse&quot;:&quot;false&quot;,&quot;hoteller_ext_is_infinite&quot;:&quot;false&quot;,&quot;hoteller_ext_is_fadeout_animation&quot;:&quot;false&quot;}\" data-widget_type=\"image.default\">\n\t\t\t\t<div class=\"elementor-widget-container\">\n\t\t\t\t\t<div class=\"elementor-image\">\n\t\t\t\t\t\t\t\t\t\t<img width=\"933\" height=\"700\" src=\"https:\/\/cadelmago.it\/wp-content\/uploads\/2020\/10\/Lerici-e-il-Golfo-da-La-Serra.jpg\" class=\"attachment-large size-large\" alt=\"casa vacanza lerici\" loading=\"lazy\" srcset=\"https:\/\/cadelmago.it\/wp-content\/uploads\/2020\/10\/Lerici-e-il-Golfo-da-La-Serra.jpg 933w, https:\/\/cadelmago.it\/wp-content\/uploads\/2020\/10\/Lerici-e-il-Golfo-da-La-Serra-300x225.jpg 300w, https:\/\/cadelmago.it\/wp-content\/uploads\/2020\/10\/Lerici-e-il-Golfo-da-La-Serra-768x576.jpg 768w, https:\/\/cadelmago.it\/wp-content\/uploads\/2020\/10\/Lerici-e-il-Golfo-da-La-Serra-440x330.jpg 440w, https:\/\/cadelmago.it\/wp-content\/uploads\/2020\/10\/Lerici-e-il-Golfo-da-La-Serra-24x18.jpg 24w, https:\/\/cadelmago.it\/wp-content\/uploads\/2020\/10\/Lerici-e-il-Golfo-da-La-Serra-36x27.jpg 36w, https:\/\/cadelmago.it\/wp-content\/uploads\/2020\/10\/Lerici-e-il-Golfo-da-La-Serra-48x36.jpg 48w, https:\/\/cadelmago.it\/wp-content\/uploads\/2020\/10\/Lerici-e-il-Golfo-da-La-Serra-600x450.jpg 600w\" sizes=\"(max-width: 933px) 100vw, 933px\" \/>\t\t\t\t\t\t\t\t\t\t\t<\/div>\n\t\t\t\t<\/div>\n\t\t\t\t<\/div>\n\t\t\t\t\t\t<\/div>\n\t\t\t\t\t<\/div>\n\t\t<\/div>\n\t\t\t\t<div class=\"elementor-column elementor-col-33 elementor-top-column elementor-element elementor-element-1a26455\" data-id=\"1a26455\" data-element_type=\"column\" data-settings=\"{&quot;hoteller_ext_is_scrollme&quot;:&quot;false&quot;,&quot;hoteller_ext_is_smoove&quot;:&quot;false&quot;,&quot;hoteller_ext_is_parallax_mouse&quot;:&quot;false&quot;,&quot;hoteller_ext_is_infinite&quot;:&quot;false&quot;,&quot;hoteller_ext_is_fadeout_animation&quot;:&quot;false&quot;}\">\n\t\t\t<div class=\"elementor-column-wrap elementor-element-populated\">\n\t\t\t\t\t\t\t<div class=\"elementor-widget-wrap\">\n\t\t\t\t\t\t<div class=\"elementor-element elementor-element-7d9e275 elementor-widget elementor-widget-image\" data-id=\"7d9e275\" data-element_type=\"widget\" data-settings=\"{&quot;hoteller_image_is_animation&quot;:&quot;false&quot;,&quot;hoteller_ext_is_scrollme&quot;:&quot;false&quot;,&quot;hoteller_ext_is_smoove&quot;:&quot;false&quot;,&quot;hoteller_ext_is_parallax_mouse&quot;:&quot;false&quot;,&quot;hoteller_ext_is_infinite&quot;:&quot;false&quot;,&quot;hoteller_ext_is_fadeout_animation&quot;:&quot;false&quot;}\" data-widget_type=\"image.default\">\n\t\t\t\t<div class=\"elementor-widget-container\">\n\t\t\t\t\t<div class=\"elementor-image\">\n\t\t\t\t\t\t\t\t\t\t<img width=\"933\" height=\"700\" src=\"https:\/\/cadelmago.it\/wp-content\/uploads\/2020\/10\/Spiaggia-della-Venere-Azzurra.jpg\" class=\"attachment-large size-large\" alt=\"casa vacanza lerici\" loading=\"lazy\" srcset=\"https:\/\/cadelmago.it\/wp-content\/uploads\/2020\/10\/Spiaggia-della-Venere-Azzurra.jpg 933w, https:\/\/cadelmago.it\/wp-content\/uploads\/2020\/10\/Spiaggia-della-Venere-Azzurra-300x225.jpg 300w, https:\/\/cadelmago.it\/wp-content\/uploads\/2020\/10\/Spiaggia-della-Venere-Azzurra-768x576.jpg 768w, https:\/\/cadelmago.it\/wp-content\/uploads\/2020\/10\/Spiaggia-della-Venere-Azzurra-440x330.jpg 440w, https:\/\/cadelmago.it\/wp-content\/uploads\/2020\/10\/Spiaggia-della-Venere-Azzurra-24x18.jpg 24w, https:\/\/cadelmago.it\/wp-content\/uploads\/2020\/10\/Spiaggia-della-Venere-Azzurra-36x27.jpg 36w, https:\/\/cadelmago.it\/wp-content\/uploads\/2020\/10\/Spiaggia-della-Venere-Azzurra-48x36.jpg 48w, https:\/\/cadelmago.it\/wp-content\/uploads\/2020\/10\/Spiaggia-della-Venere-Azzurra-600x450.jpg 600w\" sizes=\"(max-width: 933px) 100vw, 933px\" \/>\t\t\t\t\t\t\t\t\t\t\t<\/div>\n\t\t\t\t<\/div>\n\t\t\t\t<\/div>\n\t\t\t\t\t\t<\/div>\n\t\t\t\t\t<\/div>\n\t\t<\/div>\n\t\t\t\t<div class=\"elementor-column elementor-col-33 elementor-top-column elementor-element elementor-element-3fde72d\" data-id=\"3fde72d\" data-element_type=\"column\" data-settings=\"{&quot;hoteller_ext_is_scrollme&quot;:&quot;false&quot;,&quot;hoteller_ext_is_smoove&quot;:&quot;false&quot;,&quot;hoteller_ext_is_parallax_mouse&quot;:&quot;false&quot;,&quot;hoteller_ext_is_infinite&quot;:&quot;false&quot;,&quot;hoteller_ext_is_fadeout_animation&quot;:&quot;false&quot;}\">\n\t\t\t<div class=\"elementor-column-wrap elementor-element-populated\">\n\t\t\t\t\t\t\t<div class=\"elementor-widget-wrap\">\n\t\t\t\t\t\t<div class=\"elementor-element elementor-element-b977cac elementor-widget elementor-widget-image\" data-id=\"b977cac\" data-element_type=\"widget\" data-settings=\"{&quot;hoteller_image_is_animation&quot;:&quot;false&quot;,&quot;hoteller_ext_is_scrollme&quot;:&quot;false&quot;,&quot;hoteller_ext_is_smoove&quot;:&quot;false&quot;,&quot;hoteller_ext_is_parallax_mouse&quot;:&quot;false&quot;,&quot;hoteller_ext_is_infinite&quot;:&quot;false&quot;,&quot;hoteller_ext_is_fadeout_animation&quot;:&quot;false&quot;}\" data-widget_type=\"image.default\">\n\t\t\t\t<div class=\"elementor-widget-container\">\n\t\t\t\t\t<div class=\"elementor-image\">\n\t\t\t\t\t\t\t\t\t\t<img width=\"933\" height=\"700\" src=\"https:\/\/cadelmago.it\/wp-content\/uploads\/2020\/10\/Baia-dellEco-del-Mare.jpg\" class=\"attachment-large size-large\" alt=\"casa vacanza lerici\" loading=\"lazy\" srcset=\"https:\/\/cadelmago.it\/wp-content\/uploads\/2020\/10\/Baia-dellEco-del-Mare.jpg 933w, https:\/\/cadelmago.it\/wp-content\/uploads\/2020\/10\/Baia-dellEco-del-Mare-300x225.jpg 300w, https:\/\/cadelmago.it\/wp-content\/uploads\/2020\/10\/Baia-dellEco-del-Mare-768x576.jpg 768w, https:\/\/cadelmago.it\/wp-content\/uploads\/2020\/10\/Baia-dellEco-del-Mare-440x330.jpg 440w, https:\/\/cadelmago.it\/wp-content\/uploads\/2020\/10\/Baia-dellEco-del-Mare-24x18.jpg 24w, https:\/\/cadelmago.it\/wp-content\/uploads\/2020\/10\/Baia-dellEco-del-Mare-36x27.jpg 36w, https:\/\/cadelmago.it\/wp-content\/uploads\/2020\/10\/Baia-dellEco-del-Mare-48x36.jpg 48w, https:\/\/cadelmago.it\/wp-content\/uploads\/2020\/10\/Baia-dellEco-del-Mare-600x450.jpg 600w\" sizes=\"(max-width: 933px) 100vw, 933px\" \/>\t\t\t\t\t\t\t\t\t\t\t<\/div>\n\t\t\t\t<\/div>\n\t\t\t\t<\/div>\n\t\t\t\t\t\t<\/div>\n\t\t\t\t\t<\/div>\n\t\t<\/div>\n\t\t\t\t\t\t\t\t<\/div>\n\t\t\t\t\t<\/div>\n\t\t<\/section>\n\t\t\t\t\t\t<\/div>\n\t\t\t\t\t\t<\/div>\n\t\t\t\t\t<\/div>","protected":false},"excerpt":{"rendered":"<p>IN ESTATE 1 Cosa fare Ca\u2019 del Mago mette a disposizione dei propri ospiti un solarium ed una piscina esterna ove \u00e8 possibile trascorrere l\u2019intera giornata tra bagni di sole e relax in piscina, oltre alla SPA con piscina idromassaggio, [&hellip;]<\/p>","protected":false},"author":1,"featured_media":0,"parent":0,"menu_order":0,"comment_status":"closed","ping_status":"closed","template":"","meta":[],"_links":{"self":[{"href":"https:\/\/cadelmago.it\/fr\/wp-json\/wp\/v2\/pages\/1439"}],"collection":[{"href":"https:\/\/cadelmago.it\/fr\/wp-json\/wp\/v2\/pages"}],"about":[{"href":"https:\/\/cadelmago.it\/fr\/wp-json\/wp\/v2\/types\/page"}],"author":[{"embeddable":true,"href":"https:\/\/cadelmago.it\/fr\/wp-json\/wp\/v2\/users\/1"}],"replies":[{"embeddable":true,"href":"https:\/\/cadelmago.it\/fr\/wp-json\/wp\/v2\/comments?post=1439"}],"version-history":[{"count":6,"href":"https:\/\/cadelmago.it\/fr\/wp-json\/wp\/v2\/pages\/1439\/revisions"}],"predecessor-version":[{"id":1732,"href":"https:\/\/cadelmago.it\/fr\/wp-json\/wp\/v2\/pages\/1439\/revisions\/1732"}],"wp:attachment":[{"href":"https:\/\/cadelmago.it\/fr\/wp-json\/wp\/v2\/media?parent=1439"}],"curies":[{"name":"wp","href":"https:\/\/api.w.org\/{rel}","templated":true}]}}