{"id":741,"date":"2019-07-01T10:36:52","date_gmt":"2019-07-01T10:36:52","guid":{"rendered":"https:\/\/themes.themegoods.com\/hoteller\/sites\/?page_id=741"},"modified":"2023-02-21T16:04:13","modified_gmt":"2023-02-21T15:04:13","slug":"prenota","status":"publish","type":"page","link":"https:\/\/cadelmago.it\/de\/prenota\/","title":{"rendered":"Prenota"},"content":{"rendered":"<div data-elementor-type=\"wp-post\" data-elementor-id=\"741\" class=\"elementor elementor-741\" data-elementor-settings=\"[]\">\n\t\t\t\t\t\t<div class=\"elementor-inner\">\n\t\t\t\t\t\t\t<div class=\"elementor-section-wrap\">\n\t\t\t\t\t\t\t<section class=\"elementor-section elementor-top-section elementor-element elementor-element-7f61d5b elementor-section-stretched elementor-section-height-full elementor-section-boxed elementor-section-height-default elementor-section-items-middle\" data-id=\"7f61d5b\" data-element_type=\"section\" data-settings=\"{&quot;stretch_section&quot;:&quot;section-stretched&quot;,&quot;background_background&quot;:&quot;video&quot;,&quot;background_video_start&quot;:13,&quot;background_video_end&quot;:77,&quot;hoteller_ext_is_background_parallax&quot;:&quot;false&quot;,&quot;hoteller_ext_is_background_on_scroll&quot;:&quot;false&quot;}\">\n\t\t\t\t\t\t\t<div class=\"elementor-background-overlay\"><\/div>\n\t\t\t\t\t\t\t<div class=\"elementor-container elementor-column-gap-default\">\n\t\t\t\t\t\t\t<div class=\"elementor-row\">\n\t\t\t\t\t<div class=\"elementor-column elementor-col-100 elementor-top-column elementor-element elementor-element-581ff65\" data-id=\"581ff65\" data-element_type=\"column\" data-settings=\"{&quot;hoteller_ext_is_scrollme&quot;:&quot;false&quot;,&quot;hoteller_ext_is_smoove&quot;:&quot;false&quot;,&quot;hoteller_ext_is_parallax_mouse&quot;:&quot;false&quot;,&quot;hoteller_ext_is_infinite&quot;:&quot;false&quot;,&quot;hoteller_ext_is_fadeout_animation&quot;:&quot;false&quot;}\">\n\t\t\t<div class=\"elementor-column-wrap elementor-element-populated\">\n\t\t\t\t\t\t\t<div class=\"elementor-widget-wrap\">\n\t\t\t\t\t\t<div class=\"elementor-element elementor-element-e64e029 elementor-widget elementor-widget-heading\" data-id=\"e64e029\" data-element_type=\"widget\" data-settings=\"{&quot;hoteller_ext_is_scrollme&quot;:&quot;false&quot;,&quot;hoteller_ext_is_smoove&quot;:&quot;false&quot;,&quot;hoteller_ext_is_parallax_mouse&quot;:&quot;false&quot;,&quot;hoteller_ext_is_infinite&quot;:&quot;false&quot;,&quot;hoteller_ext_is_fadeout_animation&quot;:&quot;false&quot;}\" data-widget_type=\"heading.default\">\n\t\t\t\t<div class=\"elementor-widget-container\">\n\t\t\t<h1 class=\"elementor-heading-title elementor-size-default\">Buchen Sie Ihren Aufenthalt.<\/h1>\t\t<\/div>\n\t\t\t\t<\/div>\n\t\t\t\t<div class=\"elementor-element elementor-element-89d5d7d prenota elementor-widget elementor-widget-hoteller-availability-search\" data-id=\"89d5d7d\" data-element_type=\"widget\" data-settings=\"{&quot;hoteller_ext_is_scrollme&quot;:&quot;false&quot;,&quot;hoteller_ext_is_smoove&quot;:&quot;false&quot;,&quot;hoteller_ext_is_parallax_mouse&quot;:&quot;false&quot;,&quot;hoteller_ext_is_infinite&quot;:&quot;false&quot;,&quot;hoteller_ext_is_fadeout_animation&quot;:&quot;false&quot;}\" data-widget_type=\"hoteller-availability-search.default\">\n\t\t\t\t<div class=\"elementor-widget-container\">\n\t\t\t<div class=\"availability_search_wrapper\">\n\t<div class=\"mphb_sc_search-wrapper\"><form method=\"GET\" class=\"mphb_sc_search-form\" action=\"https:\/\/cadelmago.it\/de\/risultati-di-ricerca\/\" data-trp-original-action=\"https:\/\/cadelmago.it\/de\/risultati-di-ricerca\/\">\r\n\r\n\t<p class = \"mphb-required-fields-tip\">\r\n\t<small>\r\n\t\tRequired fields are followed by\t\t<abbr title=\"required\">*<\/abbr>\r\n\t<\/small>\r\n<\/p>\r\n\t<p class=\"mphb_sc_search-check-in-date\">\r\n\t\t<label for=\"mphb_check_in_date-mphb-search-form-69f2924aaa931\">\r\n\t\t\tCheck-in\t\t\t<abbr title=\"Formatted as dd\/mm\/yyyy\">*<\/abbr>\r\n\t\t<\/label>\r\n\t\t<br \/>\r\n\t\t<input\r\n\t\t\tid=\"mphb_check_in_date-mphb-search-form-69f2924aaa931\"\r\n\t\t\tdata-datepick-group=\"mphb-search-form-69f2924aaa931\"\r\n\t\t\tvalue=\"\"\r\n\t\t\tplaceholder=\"Check-in Date\"\r\n\t\t\trequired=\"required\"\r\n\t\t\ttype=\"text\"\r\n\t\t\tname=\"mphb_check_in_date\"\r\n\t\t\tclass=\"mphb-datepick\"\r\n\t\t\tautocomplete=\"off\"\r\n\t\t\t\/>\r\n\t<\/p>\r\n\r\n\t<p class=\"mphb_sc_search-check-out-date\">\r\n\t\t<label for=\"mphb_check_out_date-mphb-search-form-69f2924aaa931\">\r\n\t\t\tCheck-out\t\t\t<abbr title=\"Formatted as dd\/mm\/yyyy\">*<\/abbr>\r\n\t\t<\/label>\r\n\t\t<br \/>\r\n\t\t<input\r\n\t\t\tid=\"mphb_check_out_date-mphb-search-form-69f2924aaa931\"\r\n\t\t\tdata-datepick-group=\"mphb-search-form-69f2924aaa931\"\r\n\t\t\tvalue=\"\"\r\n\t\t\tplaceholder=\"Check-out Date\"\r\n\t\t\trequired=\"required\"\r\n\t\t\ttype=\"text\"\r\n\t\t\tname=\"mphb_check_out_date\"\r\n\t\t\tclass=\"mphb-datepick\"\r\n\t\t\tautocomplete=\"off\"\r\n\t\t\t\/>\r\n\t<\/p>\r\n\r\n\t\t\t<p class=\"mphb_sc_search-adults\">\r\n\t\t\t<label for=\"mphb_adults-mphb-search-form-69f2924aaa931\">\r\n\t\t\t\tGuests\t\t\t<\/label>\r\n\t\t\t<br \/>\r\n\t\t\t<select id=\"mphb_adults-mphb-search-form-69f2924aaa931\" name=\"mphb_adults\" >\r\n\t\t\t\t\t\t\t\t\t<option value=\"1\"  selected='selected'>1<\/option>\r\n\t\t\t\t\t\t\t\t\t<option value=\"2\" >2<\/option>\r\n\t\t\t\t\t\t\t<\/select>\r\n\t\t<\/p>\r\n\t\r\n\t\t\t<input type=\"hidden\" id=\"mphb_children-mphb-search-form-69f2924aaa931\" name=\"mphb_children\" value=\"0\" \/>\r\n\t\r\n\t\r\n\t\r\n\t<input id=\"mphb_check_in_date-mphb-search-form-69f2924aaa931-hidden\" value=\"\" type=\"hidden\" name=\"mphb_check_in_date\" \/><input id=\"mphb_check_out_date-mphb-search-form-69f2924aaa931-hidden\" value=\"\" type=\"hidden\" name=\"mphb_check_out_date\" \/>\r\n\t<p class=\"mphb_sc_search-submit-button-wrapper\">\r\n\t\t<input type=\"submit\" class=\"button\" value=\"Search\"\/>\r\n\t<\/p>\r\n\r\n\t\r\n<input type=\"hidden\" name=\"trp-form-language\" value=\"de\"\/><\/form><\/div><\/div>\t\t<\/div>\n\t\t\t\t<\/div>\n\t\t\t\t\t\t<\/div>\n\t\t\t\t\t<\/div>\n\t\t<\/div>\n\t\t\t\t\t\t\t\t<\/div>\n\t\t\t\t\t<\/div>\n\t\t<\/section>\n\t\t\t\t<section class=\"elementor-section elementor-top-section elementor-element elementor-element-7afab60 elementor-section-boxed elementor-section-height-default elementor-section-height-default\" data-id=\"7afab60\" data-element_type=\"section\" data-settings=\"{&quot;hoteller_ext_is_background_parallax&quot;:&quot;false&quot;,&quot;hoteller_ext_is_background_on_scroll&quot;:&quot;false&quot;}\">\n\t\t\t\t\t\t<div class=\"elementor-container elementor-column-gap-default\">\n\t\t\t\t\t\t\t<div class=\"elementor-row\">\n\t\t\t\t\t<div class=\"elementor-column elementor-col-100 elementor-top-column elementor-element elementor-element-0fc3a42\" data-id=\"0fc3a42\" data-element_type=\"column\" data-settings=\"{&quot;hoteller_ext_is_scrollme&quot;:&quot;false&quot;,&quot;hoteller_ext_is_smoove&quot;:&quot;false&quot;,&quot;hoteller_ext_is_parallax_mouse&quot;:&quot;false&quot;,&quot;hoteller_ext_is_infinite&quot;:&quot;false&quot;,&quot;hoteller_ext_is_fadeout_animation&quot;:&quot;false&quot;}\">\n\t\t\t<div class=\"elementor-column-wrap elementor-element-populated\">\n\t\t\t\t\t\t\t<div class=\"elementor-widget-wrap\">\n\t\t\t\t\t\t<div class=\"elementor-element elementor-element-fce5951 prezzi gradient-text elementor-widget elementor-widget-heading\" data-id=\"fce5951\" data-element_type=\"widget\" data-settings=\"{&quot;hoteller_ext_is_scrollme&quot;:&quot;false&quot;,&quot;hoteller_ext_is_smoove&quot;:&quot;false&quot;,&quot;hoteller_ext_is_parallax_mouse&quot;:&quot;false&quot;,&quot;hoteller_ext_is_infinite&quot;:&quot;false&quot;,&quot;hoteller_ext_is_fadeout_animation&quot;:&quot;false&quot;}\" data-widget_type=\"heading.default\">\n\t\t\t\t<div class=\"elementor-widget-container\">\n\t\t\t<h2 class=\"elementor-heading-title elementor-size-default\">PREISE<\/h2>\t\t<\/div>\n\t\t\t\t<\/div>\n\t\t\t\t<div class=\"elementor-element elementor-element-c217a5b prezzacci elementor-widget elementor-widget-text-editor\" data-id=\"c217a5b\" data-element_type=\"widget\" data-settings=\"{&quot;hoteller_ext_is_scrollme&quot;:&quot;false&quot;,&quot;hoteller_ext_is_smoove&quot;:&quot;false&quot;,&quot;hoteller_ext_is_parallax_mouse&quot;:&quot;false&quot;,&quot;hoteller_ext_is_infinite&quot;:&quot;false&quot;,&quot;hoteller_ext_is_fadeout_animation&quot;:&quot;false&quot;}\" data-widget_type=\"text-editor.default\">\n\t\t\t\t<div class=\"elementor-widget-container\">\n\t\t\t\t\t<div class=\"elementor-text-editor elementor-clearfix\"><p class=\"western\" style=\"text-align: center;\" align=\"justify\"><span style=\"font-family: Century Gothic, sans-serif;\">Bleiben <strong>mindestens eine Woche.<\/strong><\/span><\/p><p>Tiere jeglicher Gr\u00f6\u00dfe sind aus hygienischen Gr\u00fcnden im Spa und Pool nicht erlaubt. Der Pool wird im Fr\u00fchjahr und im Oktober beheizt.\u00a0\u00a0<\/p><\/div>\n\t\t\t\t<\/div>\n\t\t\t\t<\/div>\n\t\t\t\t\t\t<\/div>\n\t\t\t\t\t<\/div>\n\t\t<\/div>\n\t\t\t\t\t\t\t\t<\/div>\n\t\t\t\t\t<\/div>\n\t\t<\/section>\n\t\t\t\t<section class=\"elementor-section elementor-top-section elementor-element elementor-element-f4184f7 elementor-section-boxed elementor-section-height-default elementor-section-height-default\" data-id=\"f4184f7\" data-element_type=\"section\" data-settings=\"{&quot;hoteller_ext_is_background_parallax&quot;:&quot;false&quot;,&quot;hoteller_ext_is_background_on_scroll&quot;:&quot;false&quot;}\">\n\t\t\t\t\t\t<div class=\"elementor-container elementor-column-gap-default\">\n\t\t\t\t\t\t\t<div class=\"elementor-row\">\n\t\t\t\t\t<div class=\"elementor-column elementor-col-50 elementor-top-column elementor-element elementor-element-3386f00\" data-id=\"3386f00\" data-element_type=\"column\" data-settings=\"{&quot;hoteller_ext_is_scrollme&quot;:&quot;false&quot;,&quot;hoteller_ext_is_smoove&quot;:&quot;false&quot;,&quot;hoteller_ext_is_parallax_mouse&quot;:&quot;false&quot;,&quot;hoteller_ext_is_infinite&quot;:&quot;false&quot;,&quot;hoteller_ext_is_fadeout_animation&quot;:&quot;false&quot;}\">\n\t\t\t<div class=\"elementor-column-wrap elementor-element-populated\">\n\t\t\t\t\t\t\t<div class=\"elementor-widget-wrap\">\n\t\t\t\t\t\t<div class=\"elementor-element elementor-element-91247e1 elementor-widget elementor-widget-hoteller-flip-box\" data-id=\"91247e1\" data-element_type=\"widget\" data-settings=\"{&quot;hoteller_ext_is_scrollme&quot;:&quot;false&quot;,&quot;hoteller_ext_is_smoove&quot;:&quot;false&quot;,&quot;hoteller_ext_is_parallax_mouse&quot;:&quot;false&quot;,&quot;hoteller_ext_is_infinite&quot;:&quot;false&quot;,&quot;hoteller_ext_is_fadeout_animation&quot;:&quot;false&quot;}\" data-widget_type=\"hoteller-flip-box.default\">\n\t\t\t\t<div class=\"elementor-widget-container\">\n\t\t\t<div class=\"tg_flip_box_wrapper square-flip\">\n\t<div class=\"square\" data-image=\"https:\/\/cadelmago.it\/wp-content\/uploads\/2020\/09\/F_R_089.png\">\n\t\t<div class=\"square-container\">\n\t\t\t\t\t\t\t<h2>Maggio - Ottobre<\/h2>\n\t\t\t\t\t<\/div>\n\t\t<div class=\"flip-overlay\"><\/div>\n\t<\/div>\n\t<div class=\"square2\" data-image=\"https:\/\/cadelmago.it\/wp-content\/uploads\/2020\/09\/F_R_089.png\">\n\t\t<div class=\"square-container2\">\n\t\t\t<div class=\"align-center\"><\/div>\n\t\t\t\t\t\t\t<h2>Mindestaufenthalt 7 N\u00e4chte<\/h2>\n\t\t\t\t\t<\/div>\n\t\t<div class=\"flip-overlay\"><\/div>\n\t<\/div>\n<\/div>\t\t<\/div>\n\t\t\t\t<\/div>\n\t\t\t\t\t\t<\/div>\n\t\t\t\t\t<\/div>\n\t\t<\/div>\n\t\t\t\t<div class=\"elementor-column elementor-col-50 elementor-top-column elementor-element elementor-element-86df4e8\" data-id=\"86df4e8\" data-element_type=\"column\" data-settings=\"{&quot;hoteller_ext_is_scrollme&quot;:&quot;false&quot;,&quot;hoteller_ext_is_smoove&quot;:&quot;false&quot;,&quot;hoteller_ext_is_parallax_mouse&quot;:&quot;false&quot;,&quot;hoteller_ext_is_infinite&quot;:&quot;false&quot;,&quot;hoteller_ext_is_fadeout_animation&quot;:&quot;false&quot;}\">\n\t\t\t<div class=\"elementor-column-wrap elementor-element-populated\">\n\t\t\t\t\t\t\t<div class=\"elementor-widget-wrap\">\n\t\t\t\t\t\t<div class=\"elementor-element elementor-element-cf4b477 elementor-widget elementor-widget-hoteller-flip-box\" data-id=\"cf4b477\" data-element_type=\"widget\" data-settings=\"{&quot;hoteller_ext_is_scrollme&quot;:&quot;false&quot;,&quot;hoteller_ext_is_smoove&quot;:&quot;false&quot;,&quot;hoteller_ext_is_parallax_mouse&quot;:&quot;false&quot;,&quot;hoteller_ext_is_infinite&quot;:&quot;false&quot;,&quot;hoteller_ext_is_fadeout_animation&quot;:&quot;false&quot;}\" data-widget_type=\"hoteller-flip-box.default\">\n\t\t\t\t<div class=\"elementor-widget-container\">\n\t\t\t<div class=\"tg_flip_box_wrapper square-flip\">\n\t<div class=\"square\" data-image=\"https:\/\/cadelmago.it\/wp-content\/uploads\/2020\/09\/F_R_018.png\">\n\t\t<div class=\"square-container\">\n\t\t\t\t\t\t\t<h2>Preis<\/h2>\n\t\t\t\t\t<\/div>\n\t\t<div class=\"flip-overlay\"><\/div>\n\t<\/div>\n\t<div class=\"square2\" data-image=\"https:\/\/cadelmago.it\/wp-content\/uploads\/2020\/09\/F_R_018.png\">\n\t\t<div class=\"square-container2\">\n\t\t\t<div class=\"align-center\"><\/div>\n\t\t\t\t\t\t\t<h2>Euro 2800 a settimana tutto compreso per 2 persone<\/h2>\n\t\t\t\t\t<\/div>\n\t\t<div class=\"flip-overlay\"><\/div>\n\t<\/div>\n<\/div>\t\t<\/div>\n\t\t\t\t<\/div>\n\t\t\t\t\t\t<\/div>\n\t\t\t\t\t<\/div>\n\t\t<\/div>\n\t\t\t\t\t\t\t\t<\/div>\n\t\t\t\t\t<\/div>\n\t\t<\/section>\n\t\t\t\t<section class=\"elementor-section elementor-top-section elementor-element elementor-element-c715c57 elementor-section-boxed elementor-section-height-default elementor-section-height-default\" data-id=\"c715c57\" data-element_type=\"section\" data-settings=\"{&quot;hoteller_ext_is_background_parallax&quot;:&quot;false&quot;,&quot;hoteller_ext_is_background_on_scroll&quot;:&quot;false&quot;}\">\n\t\t\t\t\t\t<div class=\"elementor-container elementor-column-gap-default\">\n\t\t\t\t\t\t\t<div class=\"elementor-row\">\n\t\t\t\t\t<div class=\"elementor-column elementor-col-100 elementor-top-column elementor-element elementor-element-da72474\" data-id=\"da72474\" data-element_type=\"column\" data-settings=\"{&quot;hoteller_ext_is_scrollme&quot;:&quot;false&quot;,&quot;hoteller_ext_is_smoove&quot;:&quot;false&quot;,&quot;hoteller_ext_is_parallax_mouse&quot;:&quot;false&quot;,&quot;hoteller_ext_is_infinite&quot;:&quot;false&quot;,&quot;hoteller_ext_is_fadeout_animation&quot;:&quot;false&quot;}\">\n\t\t\t<div class=\"elementor-column-wrap elementor-element-populated\">\n\t\t\t\t\t\t\t<div class=\"elementor-widget-wrap\">\n\t\t\t\t\t\t<div class=\"elementor-element elementor-element-b9843a4 prezzacci elementor-widget elementor-widget-text-editor\" data-id=\"b9843a4\" data-element_type=\"widget\" data-settings=\"{&quot;hoteller_ext_is_scrollme&quot;:&quot;false&quot;,&quot;hoteller_ext_is_smoove&quot;:&quot;false&quot;,&quot;hoteller_ext_is_parallax_mouse&quot;:&quot;false&quot;,&quot;hoteller_ext_is_infinite&quot;:&quot;false&quot;,&quot;hoteller_ext_is_fadeout_animation&quot;:&quot;false&quot;}\" data-widget_type=\"text-editor.default\">\n\t\t\t\t<div class=\"elementor-widget-container\">\n\t\t\t\t\t<div class=\"elementor-text-editor elementor-clearfix\"><p class=\"western\" style=\"text-align: center;\" align=\"justify\"><span style=\"font-family: Century Gothic, sans-serif;\">Zahlung 50% bei Buchung und 50% bei Ankunft.<br \/>Check-in ab 17.00 Uhr und Check-out ab 10.00 Uhr.<br \/>Stornierung: bis zu 15 Tage vorher kostenlos.<br \/><strong>Die Kurtaxe ist vor Ort zu entrichten, 1,50 Euro pro Person und Tag f\u00fcr die ersten 5 Tage des Aufenthalts.<\/strong><\/span><\/p><\/div>\n\t\t\t\t<\/div>\n\t\t\t\t<\/div>\n\t\t\t\t\t\t<\/div>\n\t\t\t\t\t<\/div>\n\t\t<\/div>\n\t\t\t\t\t\t\t\t<\/div>\n\t\t\t\t\t<\/div>\n\t\t<\/section>\n\t\t\t\t\t\t<\/div>\n\t\t\t\t\t\t<\/div>\n\t\t\t\t\t<\/div>","protected":false},"excerpt":{"rendered":"<p>Prenota il tuo soggiorno I campi obbligatori sono seguiti da * Check-in * Check-out * Ospiti 12 PREZZI Soggiorno minimo una settimana. Non sono ammessi animali di qualsiasi taglia per questioni igieniche della spa e della piscina. La piscina \u00e8 [&hellip;]<\/p>","protected":false},"author":1,"featured_media":0,"parent":0,"menu_order":0,"comment_status":"closed","ping_status":"closed","template":"","meta":[],"_links":{"self":[{"href":"https:\/\/cadelmago.it\/de\/wp-json\/wp\/v2\/pages\/741"}],"collection":[{"href":"https:\/\/cadelmago.it\/de\/wp-json\/wp\/v2\/pages"}],"about":[{"href":"https:\/\/cadelmago.it\/de\/wp-json\/wp\/v2\/types\/page"}],"author":[{"embeddable":true,"href":"https:\/\/cadelmago.it\/de\/wp-json\/wp\/v2\/users\/1"}],"replies":[{"embeddable":true,"href":"https:\/\/cadelmago.it\/de\/wp-json\/wp\/v2\/comments?post=741"}],"version-history":[{"count":59,"href":"https:\/\/cadelmago.it\/de\/wp-json\/wp\/v2\/pages\/741\/revisions"}],"predecessor-version":[{"id":13363,"href":"https:\/\/cadelmago.it\/de\/wp-json\/wp\/v2\/pages\/741\/revisions\/13363"}],"wp:attachment":[{"href":"https:\/\/cadelmago.it\/de\/wp-json\/wp\/v2\/media?parent=741"}],"curies":[{"name":"wp","href":"https:\/\/api.w.org\/{rel}","templated":true}]}}