{"id":1456,"date":"2020-10-07T16:42:17","date_gmt":"2020-10-07T14:42:17","guid":{"rendered":"https:\/\/cadelmago.it\/?page_id=1456"},"modified":"2020-11-16T18:07:34","modified_gmt":"2020-11-16T17:07:34","slug":"in-macchina","status":"publish","type":"page","link":"https:\/\/cadelmago.it\/de\/in-macchina\/","title":{"rendered":"In macchina"},"content":{"rendered":"<div data-elementor-type=\"wp-post\" data-elementor-id=\"1456\" class=\"elementor elementor-1456\" data-elementor-settings=\"[]\">\n\t\t\t\t\t\t<div class=\"elementor-inner\">\n\t\t\t\t\t\t\t<div class=\"elementor-section-wrap\">\n\t\t\t\t\t\t\t<section class=\"elementor-section elementor-top-section elementor-element elementor-element-0505083 elementor-section-stretched elementor-section-full_width elementor-section-height-default elementor-section-height-default\" data-id=\"0505083\" data-element_type=\"section\" data-settings=\"{&quot;stretch_section&quot;:&quot;section-stretched&quot;,&quot;background_background&quot;:&quot;classic&quot;,&quot;hoteller_ext_is_background_parallax&quot;:&quot;false&quot;,&quot;hoteller_ext_is_background_on_scroll&quot;:&quot;false&quot;}\">\n\t\t\t\t\t\t<div class=\"elementor-container elementor-column-gap-default\">\n\t\t\t\t\t\t\t<div class=\"elementor-row\">\n\t\t\t\t\t<div class=\"elementor-column elementor-col-100 elementor-top-column elementor-element elementor-element-0256a59\" data-id=\"0256a59\" data-element_type=\"column\" data-settings=\"{&quot;hoteller_ext_is_scrollme&quot;:&quot;false&quot;,&quot;hoteller_ext_is_smoove&quot;:&quot;false&quot;,&quot;hoteller_ext_is_parallax_mouse&quot;:&quot;false&quot;,&quot;hoteller_ext_is_infinite&quot;:&quot;false&quot;,&quot;hoteller_ext_is_fadeout_animation&quot;:&quot;false&quot;}\">\n\t\t\t<div class=\"elementor-column-wrap elementor-element-populated\">\n\t\t\t\t\t\t\t<div class=\"elementor-widget-wrap\">\n\t\t\t\t\t\t<div class=\"elementor-element elementor-element-62fef4c animated-slow mitico elementor-invisible elementor-widget elementor-widget-hoteller-slider-parallax\" data-id=\"62fef4c\" data-element_type=\"widget\" data-settings=\"{&quot;_animation&quot;:&quot;fadeIn&quot;,&quot;hoteller_ext_is_scrollme&quot;:&quot;false&quot;,&quot;hoteller_ext_is_smoove&quot;:&quot;false&quot;,&quot;hoteller_ext_is_parallax_mouse&quot;:&quot;false&quot;,&quot;hoteller_ext_is_infinite&quot;:&quot;false&quot;,&quot;hoteller_ext_is_fadeout_animation&quot;:&quot;false&quot;}\" data-widget_type=\"hoteller-slider-parallax.default\">\n\t\t\t\t<div class=\"elementor-widget-container\">\n\t\t\t<div class=\"slider_parallax_wrapper\" data-autoplay=\"6000\" data-pagination=\"1\" data-navigation=\"0\">\n\t<div class=\"slider_parallax_inner\">\n\t\t<div class=\"slider_parallax_slides\">\n\t\t\t\t\t\t<div class=\"slide is-active\">\n\t\t          \t<div class=\"slide-content\">\n\t\t            \t<div class=\"caption\">\n\t\t\t\t\t\t\t<div class=\"title\"><h2>im Auto<\/h2><\/div>\n\t\t\t\t\t\t\t<div class=\"text\">\n\t\t                \t\t\t\t              \t\t<\/div> \n\t\t\t                \t\t            \t<\/div>\n\t\t          \t<\/div>\n\t\t\t\t  \t<div class=\"image-container\"> \n\t\t            \t<img src=\"https:\/\/cadelmago.it\/wp-content\/uploads\/2020\/10\/F_R_040-1.jpg\" alt=\"luxury house La Spezia\" class=\"image\" \/>\n\t\t          \t<\/div>\n\t\t        <\/div>\n\t\t\t\t<\/div>\n\t\t\t\t<div class=\"pagination\">\n\t\t\t\t\t        <div class=\"item is-active\"> \n\t\t          <span class=\"icon\">1<\/span>\n\t\t        <\/div>\n\t        \t    <\/div>\n\t    \t    \t<\/div>\n<\/div>\n\t\t<\/div>\n\t\t\t\t<\/div>\n\t\t\t\t\t\t<\/div>\n\t\t\t\t\t<\/div>\n\t\t<\/div>\n\t\t\t\t\t\t\t\t<\/div>\n\t\t\t\t\t<\/div>\n\t\t<\/section>\n\t\t\t\t<section class=\"elementor-section elementor-top-section elementor-element elementor-element-28abcd7 elementor-section-boxed elementor-section-height-default elementor-section-height-default\" data-id=\"28abcd7\" data-element_type=\"section\" data-settings=\"{&quot;hoteller_ext_is_background_parallax&quot;:&quot;false&quot;,&quot;hoteller_ext_is_background_on_scroll&quot;:&quot;false&quot;}\">\n\t\t\t\t\t\t<div class=\"elementor-container elementor-column-gap-default\">\n\t\t\t\t\t\t\t<div class=\"elementor-row\">\n\t\t\t\t\t<div class=\"elementor-column elementor-col-100 elementor-top-column elementor-element elementor-element-6b94968\" data-id=\"6b94968\" data-element_type=\"column\" data-settings=\"{&quot;hoteller_ext_is_scrollme&quot;:&quot;false&quot;,&quot;hoteller_ext_is_smoove&quot;:&quot;false&quot;,&quot;hoteller_ext_is_parallax_mouse&quot;:&quot;false&quot;,&quot;hoteller_ext_is_infinite&quot;:&quot;false&quot;,&quot;hoteller_ext_is_fadeout_animation&quot;:&quot;false&quot;}\">\n\t\t\t<div class=\"elementor-column-wrap elementor-element-populated\">\n\t\t\t\t\t\t\t<div class=\"elementor-widget-wrap\">\n\t\t\t\t\t\t<div class=\"elementor-element elementor-element-764ca63 medium glu elementor-widget elementor-widget-heading\" data-id=\"764ca63\" data-element_type=\"widget\" data-settings=\"{&quot;hoteller_ext_is_scrollme&quot;:&quot;false&quot;,&quot;hoteller_ext_is_smoove&quot;:&quot;false&quot;,&quot;hoteller_ext_is_parallax_mouse&quot;:&quot;false&quot;,&quot;hoteller_ext_is_infinite&quot;:&quot;false&quot;,&quot;hoteller_ext_is_fadeout_animation&quot;:&quot;false&quot;}\" data-widget_type=\"heading.default\">\n\t\t\t\t<div class=\"elementor-widget-container\">\n\t\t\t<h2 class=\"elementor-heading-title elementor-size-default\">WAS K\u00d6NNEN SIE TUN<\/h2>\t\t<\/div>\n\t\t\t\t<\/div>\n\t\t\t\t<div class=\"elementor-element elementor-element-13d40c3 piccino elementor-widget elementor-widget-text-editor\" data-id=\"13d40c3\" data-element_type=\"widget\" data-settings=\"{&quot;hoteller_ext_is_scrollme&quot;:&quot;false&quot;,&quot;hoteller_ext_is_smoove&quot;:&quot;false&quot;,&quot;hoteller_ext_is_parallax_mouse&quot;:&quot;false&quot;,&quot;hoteller_ext_is_infinite&quot;:&quot;false&quot;,&quot;hoteller_ext_is_fadeout_animation&quot;:&quot;false&quot;}\" data-widget_type=\"text-editor.default\">\n\t\t\t\t<div class=\"elementor-widget-container\">\n\t\t\t\t\t<div class=\"elementor-text-editor elementor-clearfix\"><p class=\"western translation-block\" align=\"justify\">Portovenere (20 km), mit der eindrucksvollen Kirche San Pietro, der H\u00f6hle von Byron, dem Schloss und der Bucht von Grace, Cinque Terre e (ca. 25 \/ 40 km) mit den am Meer von Riomaggiore liegenden D\u00f6rfern, Manarola, Corniglia, Vernazza und Monterosso, La Spezia (12 km) Stadt mit einer langen maritimen Tradition mit ihren Museen, der Promenade, dem Touristenhafen und den Gesch\u00e4ften im Zentrum, Sarzana (8 km) mit der Altstadt, der Festung und den Antiquit\u00e4tenl\u00e4den, Montemarcello (8 km) mit dem antiken Dorf, Bocca di Magra (13 km) mit der Promenade entlang des Flusses Magra und dem Touristenhafen Luni Scavi (15 km), eine bekannte arch\u00e4ologische St\u00e4tte mit den \u00dcberresten eines r\u00f6mischen Amphitheaters, Lunigiana (ca. 30\/40 km) und das antike Dorf Pontremoli mit seinen historischen Geb\u00e4uden und Caf\u00e9s, die Apuanischen Alpen (ca. 50 km) mit den in der ganzen Welt ber\u00fchmten Marmorbr\u00fcchen, Versilia (40 km) mit den St\u00e4dten Forte dei Marmi und Viareggio zum Luxus-Shopping in den exklusiven Boutiquen des Zentrums oder f\u00fcr einen geselligen Abend in den zahlreichen Clubs.<\/p><\/div>\n\t\t\t\t<\/div>\n\t\t\t\t<\/div>\n\t\t\t\t\t\t<\/div>\n\t\t\t\t\t<\/div>\n\t\t<\/div>\n\t\t\t\t\t\t\t\t<\/div>\n\t\t\t\t\t<\/div>\n\t\t<\/section>\n\t\t\t\t<section class=\"elementor-section elementor-top-section elementor-element elementor-element-db91a61 elementor-section-boxed elementor-section-height-default elementor-section-height-default\" data-id=\"db91a61\" data-element_type=\"section\" data-settings=\"{&quot;hoteller_ext_is_background_parallax&quot;:&quot;false&quot;,&quot;hoteller_ext_is_background_on_scroll&quot;:&quot;false&quot;}\">\n\t\t\t\t\t\t<div class=\"elementor-container elementor-column-gap-default\">\n\t\t\t\t\t\t\t<div class=\"elementor-row\">\n\t\t\t\t\t<div class=\"elementor-column elementor-col-33 elementor-top-column elementor-element elementor-element-88de25c\" data-id=\"88de25c\" data-element_type=\"column\" data-settings=\"{&quot;hoteller_ext_is_scrollme&quot;:&quot;false&quot;,&quot;hoteller_ext_is_smoove&quot;:&quot;false&quot;,&quot;hoteller_ext_is_parallax_mouse&quot;:&quot;false&quot;,&quot;hoteller_ext_is_infinite&quot;:&quot;false&quot;,&quot;hoteller_ext_is_fadeout_animation&quot;:&quot;false&quot;}\">\n\t\t\t<div class=\"elementor-column-wrap elementor-element-populated\">\n\t\t\t\t\t\t\t<div class=\"elementor-widget-wrap\">\n\t\t\t\t\t\t<div class=\"elementor-element elementor-element-517022e elementor-widget elementor-widget-image\" data-id=\"517022e\" data-element_type=\"widget\" data-settings=\"{&quot;hoteller_image_is_animation&quot;:&quot;false&quot;,&quot;hoteller_ext_is_scrollme&quot;:&quot;false&quot;,&quot;hoteller_ext_is_smoove&quot;:&quot;false&quot;,&quot;hoteller_ext_is_parallax_mouse&quot;:&quot;false&quot;,&quot;hoteller_ext_is_infinite&quot;:&quot;false&quot;,&quot;hoteller_ext_is_fadeout_animation&quot;:&quot;false&quot;}\" data-widget_type=\"image.default\">\n\t\t\t\t<div class=\"elementor-widget-container\">\n\t\t\t\t\t<div class=\"elementor-image\">\n\t\t\t\t\t\t\t\t\t\t<img width=\"1000\" height=\"667\" src=\"https:\/\/cadelmago.it\/wp-content\/uploads\/2020\/10\/Liguria_5Terre1_tango7174-1.jpg\" class=\"attachment-large size-large\" alt=\"guest house La Spezia\" loading=\"lazy\" srcset=\"https:\/\/cadelmago.it\/wp-content\/uploads\/2020\/10\/Liguria_5Terre1_tango7174-1.jpg 1000w, https:\/\/cadelmago.it\/wp-content\/uploads\/2020\/10\/Liguria_5Terre1_tango7174-1-300x200.jpg 300w, https:\/\/cadelmago.it\/wp-content\/uploads\/2020\/10\/Liguria_5Terre1_tango7174-1-768x512.jpg 768w, https:\/\/cadelmago.it\/wp-content\/uploads\/2020\/10\/Liguria_5Terre1_tango7174-1-700x466.jpg 700w, https:\/\/cadelmago.it\/wp-content\/uploads\/2020\/10\/Liguria_5Terre1_tango7174-1-440x293.jpg 440w, https:\/\/cadelmago.it\/wp-content\/uploads\/2020\/10\/Liguria_5Terre1_tango7174-1-600x400.jpg 600w\" sizes=\"(max-width: 1000px) 100vw, 1000px\" \/>\t\t\t\t\t\t\t\t\t\t\t<\/div>\n\t\t\t\t<\/div>\n\t\t\t\t<\/div>\n\t\t\t\t\t\t<\/div>\n\t\t\t\t\t<\/div>\n\t\t<\/div>\n\t\t\t\t<div class=\"elementor-column elementor-col-33 elementor-top-column elementor-element elementor-element-1a26455\" data-id=\"1a26455\" data-element_type=\"column\" data-settings=\"{&quot;hoteller_ext_is_scrollme&quot;:&quot;false&quot;,&quot;hoteller_ext_is_smoove&quot;:&quot;false&quot;,&quot;hoteller_ext_is_parallax_mouse&quot;:&quot;false&quot;,&quot;hoteller_ext_is_infinite&quot;:&quot;false&quot;,&quot;hoteller_ext_is_fadeout_animation&quot;:&quot;false&quot;}\">\n\t\t\t<div class=\"elementor-column-wrap elementor-element-populated\">\n\t\t\t\t\t\t\t<div class=\"elementor-widget-wrap\">\n\t\t\t\t\t\t<div class=\"elementor-element elementor-element-7d9e275 elementor-widget elementor-widget-image\" data-id=\"7d9e275\" data-element_type=\"widget\" data-settings=\"{&quot;hoteller_image_is_animation&quot;:&quot;false&quot;,&quot;hoteller_ext_is_scrollme&quot;:&quot;false&quot;,&quot;hoteller_ext_is_smoove&quot;:&quot;false&quot;,&quot;hoteller_ext_is_parallax_mouse&quot;:&quot;false&quot;,&quot;hoteller_ext_is_infinite&quot;:&quot;false&quot;,&quot;hoteller_ext_is_fadeout_animation&quot;:&quot;false&quot;}\" data-widget_type=\"image.default\">\n\t\t\t\t<div class=\"elementor-widget-container\">\n\t\t\t\t\t<div class=\"elementor-image\">\n\t\t\t\t\t\t\t\t\t\t<img width=\"900\" height=\"599\" src=\"https:\/\/cadelmago.it\/wp-content\/uploads\/2020\/09\/Manarola-Cinque-Terre-Italy.jpg\" class=\"attachment-large size-large\" alt=\"luxury hotel La Spezia\" loading=\"lazy\" srcset=\"https:\/\/cadelmago.it\/wp-content\/uploads\/2020\/09\/Manarola-Cinque-Terre-Italy.jpg 900w, https:\/\/cadelmago.it\/wp-content\/uploads\/2020\/09\/Manarola-Cinque-Terre-Italy-300x200.jpg 300w, https:\/\/cadelmago.it\/wp-content\/uploads\/2020\/09\/Manarola-Cinque-Terre-Italy-768x511.jpg 768w, https:\/\/cadelmago.it\/wp-content\/uploads\/2020\/09\/Manarola-Cinque-Terre-Italy-700x466.jpg 700w, https:\/\/cadelmago.it\/wp-content\/uploads\/2020\/09\/Manarola-Cinque-Terre-Italy-440x293.jpg 440w, https:\/\/cadelmago.it\/wp-content\/uploads\/2020\/09\/Manarola-Cinque-Terre-Italy-600x399.jpg 600w\" sizes=\"(max-width: 900px) 100vw, 900px\" \/>\t\t\t\t\t\t\t\t\t\t\t<\/div>\n\t\t\t\t<\/div>\n\t\t\t\t<\/div>\n\t\t\t\t\t\t<\/div>\n\t\t\t\t\t<\/div>\n\t\t<\/div>\n\t\t\t\t<div class=\"elementor-column elementor-col-33 elementor-top-column elementor-element elementor-element-3fde72d\" data-id=\"3fde72d\" data-element_type=\"column\" data-settings=\"{&quot;hoteller_ext_is_scrollme&quot;:&quot;false&quot;,&quot;hoteller_ext_is_smoove&quot;:&quot;false&quot;,&quot;hoteller_ext_is_parallax_mouse&quot;:&quot;false&quot;,&quot;hoteller_ext_is_infinite&quot;:&quot;false&quot;,&quot;hoteller_ext_is_fadeout_animation&quot;:&quot;false&quot;}\">\n\t\t\t<div class=\"elementor-column-wrap elementor-element-populated\">\n\t\t\t\t\t\t\t<div class=\"elementor-widget-wrap\">\n\t\t\t\t\t\t<div class=\"elementor-element elementor-element-b977cac elementor-widget elementor-widget-image\" data-id=\"b977cac\" data-element_type=\"widget\" data-settings=\"{&quot;hoteller_image_is_animation&quot;:&quot;false&quot;,&quot;hoteller_ext_is_scrollme&quot;:&quot;false&quot;,&quot;hoteller_ext_is_smoove&quot;:&quot;false&quot;,&quot;hoteller_ext_is_parallax_mouse&quot;:&quot;false&quot;,&quot;hoteller_ext_is_infinite&quot;:&quot;false&quot;,&quot;hoteller_ext_is_fadeout_animation&quot;:&quot;false&quot;}\" data-widget_type=\"image.default\">\n\t\t\t\t<div class=\"elementor-widget-container\">\n\t\t\t\t\t<div class=\"elementor-image\">\n\t\t\t\t\t\t\t\t\t\t<img width=\"1000\" height=\"667\" src=\"https:\/\/cadelmago.it\/wp-content\/uploads\/2020\/11\/sarzana-fortezza-firmafede.png\" class=\"attachment-large size-large\" alt=\"\" loading=\"lazy\" srcset=\"https:\/\/cadelmago.it\/wp-content\/uploads\/2020\/11\/sarzana-fortezza-firmafede.png 1000w, https:\/\/cadelmago.it\/wp-content\/uploads\/2020\/11\/sarzana-fortezza-firmafede-300x200.png 300w, https:\/\/cadelmago.it\/wp-content\/uploads\/2020\/11\/sarzana-fortezza-firmafede-768x512.png 768w, https:\/\/cadelmago.it\/wp-content\/uploads\/2020\/11\/sarzana-fortezza-firmafede-16x12.png 16w, https:\/\/cadelmago.it\/wp-content\/uploads\/2020\/11\/sarzana-fortezza-firmafede-700x466.png 700w, https:\/\/cadelmago.it\/wp-content\/uploads\/2020\/11\/sarzana-fortezza-firmafede-440x293.png 440w, https:\/\/cadelmago.it\/wp-content\/uploads\/2020\/11\/sarzana-fortezza-firmafede-150x100.png 150w, https:\/\/cadelmago.it\/wp-content\/uploads\/2020\/11\/sarzana-fortezza-firmafede-600x400.png 600w\" sizes=\"(max-width: 1000px) 100vw, 1000px\" \/>\t\t\t\t\t\t\t\t\t\t\t<\/div>\n\t\t\t\t<\/div>\n\t\t\t\t<\/div>\n\t\t\t\t\t\t<\/div>\n\t\t\t\t\t<\/div>\n\t\t<\/div>\n\t\t\t\t\t\t\t\t<\/div>\n\t\t\t\t\t<\/div>\n\t\t<\/section>\n\t\t\t\t<section class=\"elementor-section elementor-top-section elementor-element elementor-element-584f9b2 elementor-section-boxed elementor-section-height-default elementor-section-height-default\" data-id=\"584f9b2\" data-element_type=\"section\" data-settings=\"{&quot;hoteller_ext_is_background_parallax&quot;:&quot;false&quot;,&quot;hoteller_ext_is_background_on_scroll&quot;:&quot;false&quot;}\">\n\t\t\t\t\t\t<div class=\"elementor-container elementor-column-gap-default\">\n\t\t\t\t\t\t\t<div class=\"elementor-row\">\n\t\t\t\t\t<div class=\"elementor-column elementor-col-100 elementor-top-column elementor-element elementor-element-605b917\" data-id=\"605b917\" data-element_type=\"column\" data-settings=\"{&quot;hoteller_ext_is_scrollme&quot;:&quot;false&quot;,&quot;hoteller_ext_is_smoove&quot;:&quot;false&quot;,&quot;hoteller_ext_is_parallax_mouse&quot;:&quot;false&quot;,&quot;hoteller_ext_is_infinite&quot;:&quot;false&quot;,&quot;hoteller_ext_is_fadeout_animation&quot;:&quot;false&quot;}\">\n\t\t\t<div class=\"elementor-column-wrap elementor-element-populated\">\n\t\t\t\t\t\t\t<div class=\"elementor-widget-wrap\">\n\t\t\t\t\t\t<div class=\"elementor-element elementor-element-7935b28 medium elementor-widget elementor-widget-heading\" data-id=\"7935b28\" data-element_type=\"widget\" data-settings=\"{&quot;hoteller_ext_is_scrollme&quot;:&quot;false&quot;,&quot;hoteller_ext_is_smoove&quot;:&quot;false&quot;,&quot;hoteller_ext_is_parallax_mouse&quot;:&quot;false&quot;,&quot;hoteller_ext_is_infinite&quot;:&quot;false&quot;,&quot;hoteller_ext_is_fadeout_animation&quot;:&quot;false&quot;}\" data-widget_type=\"heading.default\">\n\t\t\t\t<div class=\"elementor-widget-container\">\n\t\t\t<h2 class=\"elementor-heading-title elementor-size-default\">Mit dem Auto und zu Fu\u00df<\/h2>\t\t<\/div>\n\t\t\t\t<\/div>\n\t\t\t\t<div class=\"elementor-element elementor-element-bf559d4 piccino elementor-widget elementor-widget-text-editor\" data-id=\"bf559d4\" data-element_type=\"widget\" data-settings=\"{&quot;hoteller_ext_is_scrollme&quot;:&quot;false&quot;,&quot;hoteller_ext_is_smoove&quot;:&quot;false&quot;,&quot;hoteller_ext_is_parallax_mouse&quot;:&quot;false&quot;,&quot;hoteller_ext_is_infinite&quot;:&quot;false&quot;,&quot;hoteller_ext_is_fadeout_animation&quot;:&quot;false&quot;}\" data-widget_type=\"text-editor.default\">\n\t\t\t\t<div class=\"elementor-widget-container\">\n\t\t\t\t\t<div class=\"elementor-text-editor elementor-clearfix\"><p class=\"western translation-block\" align=\"justify\">Lerici (4 km) charakteristisches Fischerdorf mit dem Schloss, der Mole und dem Jachthafen, erreichbar mit dem Auto oder zu Fu\u00df mit einem herrlichen Spaziergang (30 Minuten) \u00fcber eine sanfte Treppe, die sich durch die Olivenb\u00e4ume und bewohnten H\u00e4user schl\u00e4ngelt, San Terenzo (5 km), weiter 2 km von Lerici entfernt mit einer herrlichen Promenade, die zwischen den Badeanstalten Lido und Venere Azzurra verl\u00e4uft, Tellaro, ein antikes Dorf am Meer mit der kleinen Kirche auf den Felsen, erreichbar mit dem Auto (7 km) oder zu Fu\u00df \u00fcber einen Pfad, der zwischen den Olivenb\u00e4umen hinunterf\u00fchrt (40 Minuten).<\/p><\/div>\n\t\t\t\t<\/div>\n\t\t\t\t<\/div>\n\t\t\t\t\t\t<\/div>\n\t\t\t\t\t<\/div>\n\t\t<\/div>\n\t\t\t\t\t\t\t\t<\/div>\n\t\t\t\t\t<\/div>\n\t\t<\/section>\n\t\t\t\t<section class=\"elementor-section elementor-top-section elementor-element elementor-element-6e7bdc5 elementor-section-boxed elementor-section-height-default elementor-section-height-default\" data-id=\"6e7bdc5\" data-element_type=\"section\" data-settings=\"{&quot;hoteller_ext_is_background_parallax&quot;:&quot;false&quot;,&quot;hoteller_ext_is_background_on_scroll&quot;:&quot;false&quot;}\">\n\t\t\t\t\t\t<div class=\"elementor-container elementor-column-gap-default\">\n\t\t\t\t\t\t\t<div class=\"elementor-row\">\n\t\t\t\t\t<div class=\"elementor-column elementor-col-33 elementor-top-column elementor-element elementor-element-61fd6ea\" data-id=\"61fd6ea\" data-element_type=\"column\" data-settings=\"{&quot;hoteller_ext_is_scrollme&quot;:&quot;false&quot;,&quot;hoteller_ext_is_smoove&quot;:&quot;false&quot;,&quot;hoteller_ext_is_parallax_mouse&quot;:&quot;false&quot;,&quot;hoteller_ext_is_infinite&quot;:&quot;false&quot;,&quot;hoteller_ext_is_fadeout_animation&quot;:&quot;false&quot;}\">\n\t\t\t<div class=\"elementor-column-wrap elementor-element-populated\">\n\t\t\t\t\t\t\t<div class=\"elementor-widget-wrap\">\n\t\t\t\t\t\t<div class=\"elementor-element elementor-element-10b4da3 elementor-widget elementor-widget-image\" data-id=\"10b4da3\" data-element_type=\"widget\" data-settings=\"{&quot;hoteller_image_is_animation&quot;:&quot;false&quot;,&quot;hoteller_ext_is_scrollme&quot;:&quot;false&quot;,&quot;hoteller_ext_is_smoove&quot;:&quot;false&quot;,&quot;hoteller_ext_is_parallax_mouse&quot;:&quot;false&quot;,&quot;hoteller_ext_is_infinite&quot;:&quot;false&quot;,&quot;hoteller_ext_is_fadeout_animation&quot;:&quot;false&quot;}\" data-widget_type=\"image.default\">\n\t\t\t\t<div class=\"elementor-widget-container\">\n\t\t\t\t\t<div class=\"elementor-image\">\n\t\t\t\t\t\t\t\t\t\t<img width=\"933\" height=\"700\" src=\"https:\/\/cadelmago.it\/wp-content\/uploads\/2020\/10\/Lerici-il-porto-e-il-suo-castello.jpg\" class=\"attachment-large size-large\" alt=\"casa vacanza lerici\" loading=\"lazy\" srcset=\"https:\/\/cadelmago.it\/wp-content\/uploads\/2020\/10\/Lerici-il-porto-e-il-suo-castello.jpg 933w, https:\/\/cadelmago.it\/wp-content\/uploads\/2020\/10\/Lerici-il-porto-e-il-suo-castello-300x225.jpg 300w, https:\/\/cadelmago.it\/wp-content\/uploads\/2020\/10\/Lerici-il-porto-e-il-suo-castello-768x576.jpg 768w, https:\/\/cadelmago.it\/wp-content\/uploads\/2020\/10\/Lerici-il-porto-e-il-suo-castello-440x330.jpg 440w, https:\/\/cadelmago.it\/wp-content\/uploads\/2020\/10\/Lerici-il-porto-e-il-suo-castello-24x18.jpg 24w, https:\/\/cadelmago.it\/wp-content\/uploads\/2020\/10\/Lerici-il-porto-e-il-suo-castello-36x27.jpg 36w, https:\/\/cadelmago.it\/wp-content\/uploads\/2020\/10\/Lerici-il-porto-e-il-suo-castello-48x36.jpg 48w, https:\/\/cadelmago.it\/wp-content\/uploads\/2020\/10\/Lerici-il-porto-e-il-suo-castello-600x450.jpg 600w\" sizes=\"(max-width: 933px) 100vw, 933px\" \/>\t\t\t\t\t\t\t\t\t\t\t<\/div>\n\t\t\t\t<\/div>\n\t\t\t\t<\/div>\n\t\t\t\t\t\t<\/div>\n\t\t\t\t\t<\/div>\n\t\t<\/div>\n\t\t\t\t<div class=\"elementor-column elementor-col-33 elementor-top-column elementor-element elementor-element-07345ee\" data-id=\"07345ee\" data-element_type=\"column\" data-settings=\"{&quot;hoteller_ext_is_scrollme&quot;:&quot;false&quot;,&quot;hoteller_ext_is_smoove&quot;:&quot;false&quot;,&quot;hoteller_ext_is_parallax_mouse&quot;:&quot;false&quot;,&quot;hoteller_ext_is_infinite&quot;:&quot;false&quot;,&quot;hoteller_ext_is_fadeout_animation&quot;:&quot;false&quot;}\">\n\t\t\t<div class=\"elementor-column-wrap elementor-element-populated\">\n\t\t\t\t\t\t\t<div class=\"elementor-widget-wrap\">\n\t\t\t\t\t\t<div class=\"elementor-element elementor-element-f313bdc elementor-widget elementor-widget-image\" data-id=\"f313bdc\" data-element_type=\"widget\" data-settings=\"{&quot;hoteller_image_is_animation&quot;:&quot;false&quot;,&quot;hoteller_ext_is_scrollme&quot;:&quot;false&quot;,&quot;hoteller_ext_is_smoove&quot;:&quot;false&quot;,&quot;hoteller_ext_is_parallax_mouse&quot;:&quot;false&quot;,&quot;hoteller_ext_is_infinite&quot;:&quot;false&quot;,&quot;hoteller_ext_is_fadeout_animation&quot;:&quot;false&quot;}\" data-widget_type=\"image.default\">\n\t\t\t\t<div class=\"elementor-widget-container\">\n\t\t\t\t\t<div class=\"elementor-image\">\n\t\t\t\t\t\t\t\t\t\t<img width=\"933\" height=\"700\" src=\"https:\/\/cadelmago.it\/wp-content\/uploads\/2020\/10\/San-Terenzo-e-la-sua-baia.jpg\" class=\"attachment-large size-large\" alt=\"casa vacanza lerici\" loading=\"lazy\" srcset=\"https:\/\/cadelmago.it\/wp-content\/uploads\/2020\/10\/San-Terenzo-e-la-sua-baia.jpg 933w, https:\/\/cadelmago.it\/wp-content\/uploads\/2020\/10\/San-Terenzo-e-la-sua-baia-300x225.jpg 300w, https:\/\/cadelmago.it\/wp-content\/uploads\/2020\/10\/San-Terenzo-e-la-sua-baia-768x576.jpg 768w, https:\/\/cadelmago.it\/wp-content\/uploads\/2020\/10\/San-Terenzo-e-la-sua-baia-440x330.jpg 440w, https:\/\/cadelmago.it\/wp-content\/uploads\/2020\/10\/San-Terenzo-e-la-sua-baia-24x18.jpg 24w, https:\/\/cadelmago.it\/wp-content\/uploads\/2020\/10\/San-Terenzo-e-la-sua-baia-36x27.jpg 36w, https:\/\/cadelmago.it\/wp-content\/uploads\/2020\/10\/San-Terenzo-e-la-sua-baia-48x36.jpg 48w, https:\/\/cadelmago.it\/wp-content\/uploads\/2020\/10\/San-Terenzo-e-la-sua-baia-600x450.jpg 600w\" sizes=\"(max-width: 933px) 100vw, 933px\" \/>\t\t\t\t\t\t\t\t\t\t\t<\/div>\n\t\t\t\t<\/div>\n\t\t\t\t<\/div>\n\t\t\t\t\t\t<\/div>\n\t\t\t\t\t<\/div>\n\t\t<\/div>\n\t\t\t\t<div class=\"elementor-column elementor-col-33 elementor-top-column elementor-element elementor-element-f11e4c0\" data-id=\"f11e4c0\" data-element_type=\"column\" data-settings=\"{&quot;hoteller_ext_is_scrollme&quot;:&quot;false&quot;,&quot;hoteller_ext_is_smoove&quot;:&quot;false&quot;,&quot;hoteller_ext_is_parallax_mouse&quot;:&quot;false&quot;,&quot;hoteller_ext_is_infinite&quot;:&quot;false&quot;,&quot;hoteller_ext_is_fadeout_animation&quot;:&quot;false&quot;}\">\n\t\t\t<div class=\"elementor-column-wrap elementor-element-populated\">\n\t\t\t\t\t\t\t<div class=\"elementor-widget-wrap\">\n\t\t\t\t\t\t<div class=\"elementor-element elementor-element-6e5120d elementor-widget elementor-widget-image\" data-id=\"6e5120d\" data-element_type=\"widget\" data-settings=\"{&quot;hoteller_image_is_animation&quot;:&quot;false&quot;,&quot;hoteller_ext_is_scrollme&quot;:&quot;false&quot;,&quot;hoteller_ext_is_smoove&quot;:&quot;false&quot;,&quot;hoteller_ext_is_parallax_mouse&quot;:&quot;false&quot;,&quot;hoteller_ext_is_infinite&quot;:&quot;false&quot;,&quot;hoteller_ext_is_fadeout_animation&quot;:&quot;false&quot;}\" data-widget_type=\"image.default\">\n\t\t\t\t<div class=\"elementor-widget-container\">\n\t\t\t\t\t<div class=\"elementor-image\">\n\t\t\t\t\t\t\t\t\t\t<img width=\"900\" height=\"675\" src=\"https:\/\/cadelmago.it\/wp-content\/uploads\/2020\/10\/4a04a607aca1aee5d02d7e821e27117b_XL.jpg\" class=\"attachment-large size-large\" alt=\"casa vacanza lerici\" loading=\"lazy\" srcset=\"https:\/\/cadelmago.it\/wp-content\/uploads\/2020\/10\/4a04a607aca1aee5d02d7e821e27117b_XL.jpg 900w, https:\/\/cadelmago.it\/wp-content\/uploads\/2020\/10\/4a04a607aca1aee5d02d7e821e27117b_XL-300x225.jpg 300w, https:\/\/cadelmago.it\/wp-content\/uploads\/2020\/10\/4a04a607aca1aee5d02d7e821e27117b_XL-768x576.jpg 768w, https:\/\/cadelmago.it\/wp-content\/uploads\/2020\/10\/4a04a607aca1aee5d02d7e821e27117b_XL-440x330.jpg 440w, https:\/\/cadelmago.it\/wp-content\/uploads\/2020\/10\/4a04a607aca1aee5d02d7e821e27117b_XL-24x18.jpg 24w, https:\/\/cadelmago.it\/wp-content\/uploads\/2020\/10\/4a04a607aca1aee5d02d7e821e27117b_XL-36x27.jpg 36w, https:\/\/cadelmago.it\/wp-content\/uploads\/2020\/10\/4a04a607aca1aee5d02d7e821e27117b_XL-48x36.jpg 48w, https:\/\/cadelmago.it\/wp-content\/uploads\/2020\/10\/4a04a607aca1aee5d02d7e821e27117b_XL-600x450.jpg 600w\" sizes=\"(max-width: 900px) 100vw, 900px\" \/>\t\t\t\t\t\t\t\t\t\t\t<\/div>\n\t\t\t\t<\/div>\n\t\t\t\t<\/div>\n\t\t\t\t\t\t<\/div>\n\t\t\t\t\t<\/div>\n\t\t<\/div>\n\t\t\t\t\t\t\t\t<\/div>\n\t\t\t\t\t<\/div>\n\t\t<\/section>\n\t\t\t\t\t\t<\/div>\n\t\t\t\t\t\t<\/div>\n\t\t\t\t\t<\/div>","protected":false},"excerpt":{"rendered":"<p>IN AUTO 1 Cosa fare Portovenere (20km), con la suggestiva chiesetta di San Pietro, la grotta Byron, il castello e la baia delle Grazie, Cinque terre (circa 25\/40km) con i borghi adagiati sul mare di Riomaggiore, Manarola, Corniglia, Vernazza e [&hellip;]<\/p>","protected":false},"author":1,"featured_media":0,"parent":0,"menu_order":0,"comment_status":"closed","ping_status":"closed","template":"","meta":[],"_links":{"self":[{"href":"https:\/\/cadelmago.it\/de\/wp-json\/wp\/v2\/pages\/1456"}],"collection":[{"href":"https:\/\/cadelmago.it\/de\/wp-json\/wp\/v2\/pages"}],"about":[{"href":"https:\/\/cadelmago.it\/de\/wp-json\/wp\/v2\/types\/page"}],"author":[{"embeddable":true,"href":"https:\/\/cadelmago.it\/de\/wp-json\/wp\/v2\/users\/1"}],"replies":[{"embeddable":true,"href":"https:\/\/cadelmago.it\/de\/wp-json\/wp\/v2\/comments?post=1456"}],"version-history":[{"count":13,"href":"https:\/\/cadelmago.it\/de\/wp-json\/wp\/v2\/pages\/1456\/revisions"}],"predecessor-version":[{"id":2054,"href":"https:\/\/cadelmago.it\/de\/wp-json\/wp\/v2\/pages\/1456\/revisions\/2054"}],"wp:attachment":[{"href":"https:\/\/cadelmago.it\/de\/wp-json\/wp\/v2\/media?parent=1456"}],"curies":[{"name":"wp","href":"https:\/\/api.w.org\/{rel}","templated":true}]}}