{"id":1449,"date":"2020-10-07T16:37:47","date_gmt":"2020-10-07T14:37:47","guid":{"rendered":"https:\/\/cadelmago.it\/?page_id=1449"},"modified":"2020-11-16T15:55:25","modified_gmt":"2020-11-16T14:55:25","slug":"altre-stagioni","status":"publish","type":"page","link":"https:\/\/cadelmago.it\/de\/altre-stagioni\/","title":{"rendered":"Altre stagioni"},"content":{"rendered":"<div data-elementor-type=\"wp-post\" data-elementor-id=\"1449\" class=\"elementor elementor-1449\" data-elementor-settings=\"[]\">\n\t\t\t\t\t\t<div class=\"elementor-inner\">\n\t\t\t\t\t\t\t<div class=\"elementor-section-wrap\">\n\t\t\t\t\t\t\t<section class=\"elementor-section elementor-top-section elementor-element elementor-element-0505083 elementor-section-stretched elementor-section-full_width elementor-section-height-default elementor-section-height-default\" data-id=\"0505083\" data-element_type=\"section\" data-settings=\"{&quot;stretch_section&quot;:&quot;section-stretched&quot;,&quot;background_background&quot;:&quot;classic&quot;,&quot;hoteller_ext_is_background_parallax&quot;:&quot;false&quot;,&quot;hoteller_ext_is_background_on_scroll&quot;:&quot;false&quot;}\">\n\t\t\t\t\t\t<div class=\"elementor-container elementor-column-gap-default\">\n\t\t\t\t\t\t\t<div class=\"elementor-row\">\n\t\t\t\t\t<div class=\"elementor-column elementor-col-100 elementor-top-column elementor-element elementor-element-0256a59\" data-id=\"0256a59\" data-element_type=\"column\" data-settings=\"{&quot;hoteller_ext_is_scrollme&quot;:&quot;false&quot;,&quot;hoteller_ext_is_smoove&quot;:&quot;false&quot;,&quot;hoteller_ext_is_parallax_mouse&quot;:&quot;false&quot;,&quot;hoteller_ext_is_infinite&quot;:&quot;false&quot;,&quot;hoteller_ext_is_fadeout_animation&quot;:&quot;false&quot;}\">\n\t\t\t<div class=\"elementor-column-wrap elementor-element-populated\">\n\t\t\t\t\t\t\t<div class=\"elementor-widget-wrap\">\n\t\t\t\t\t\t<div class=\"elementor-element elementor-element-62fef4c animated-slow mitico elementor-invisible elementor-widget elementor-widget-hoteller-slider-parallax\" data-id=\"62fef4c\" data-element_type=\"widget\" data-settings=\"{&quot;_animation&quot;:&quot;fadeIn&quot;,&quot;hoteller_ext_is_scrollme&quot;:&quot;false&quot;,&quot;hoteller_ext_is_smoove&quot;:&quot;false&quot;,&quot;hoteller_ext_is_parallax_mouse&quot;:&quot;false&quot;,&quot;hoteller_ext_is_infinite&quot;:&quot;false&quot;,&quot;hoteller_ext_is_fadeout_animation&quot;:&quot;false&quot;}\" data-widget_type=\"hoteller-slider-parallax.default\">\n\t\t\t\t<div class=\"elementor-widget-container\">\n\t\t\t<div class=\"slider_parallax_wrapper\" data-autoplay=\"6000\" data-pagination=\"1\" data-navigation=\"0\">\n\t<div class=\"slider_parallax_inner\">\n\t\t<div class=\"slider_parallax_slides\">\n\t\t\t\t\t\t<div class=\"slide is-active\">\n\t\t          \t<div class=\"slide-content\">\n\t\t            \t<div class=\"caption\">\n\t\t\t\t\t\t\t<div class=\"title\"><h2>Zu den anderen Jahreszeiten<\/h2><\/div>\n\t\t\t\t\t\t\t<div class=\"text\">\n\t\t                \t\t\t\t              \t\t<\/div> \n\t\t\t                \t\t            \t<\/div>\n\t\t          \t<\/div>\n\t\t\t\t  \t<div class=\"image-container\"> \n\t\t            \t<img src=\"https:\/\/cadelmago.it\/wp-content\/uploads\/2020\/10\/IMG_20200710_182917-1.jpg\" alt=\"luxury house La Spezia\" class=\"image\" \/>\n\t\t          \t<\/div>\n\t\t        <\/div>\n\t\t\t\t<\/div>\n\t\t\t\t<div class=\"pagination\">\n\t\t\t\t\t        <div class=\"item is-active\"> \n\t\t          <span class=\"icon\">1<\/span>\n\t\t        <\/div>\n\t        \t    <\/div>\n\t    \t    \t<\/div>\n<\/div>\n\t\t<\/div>\n\t\t\t\t<\/div>\n\t\t\t\t\t\t<\/div>\n\t\t\t\t\t<\/div>\n\t\t<\/div>\n\t\t\t\t\t\t\t\t<\/div>\n\t\t\t\t\t<\/div>\n\t\t<\/section>\n\t\t\t\t<section class=\"elementor-section elementor-top-section elementor-element elementor-element-28abcd7 elementor-section-boxed elementor-section-height-default elementor-section-height-default\" data-id=\"28abcd7\" data-element_type=\"section\" data-settings=\"{&quot;hoteller_ext_is_background_parallax&quot;:&quot;false&quot;,&quot;hoteller_ext_is_background_on_scroll&quot;:&quot;false&quot;}\">\n\t\t\t\t\t\t<div class=\"elementor-container elementor-column-gap-default\">\n\t\t\t\t\t\t\t<div class=\"elementor-row\">\n\t\t\t\t\t<div class=\"elementor-column elementor-col-100 elementor-top-column elementor-element elementor-element-6b94968\" data-id=\"6b94968\" data-element_type=\"column\" data-settings=\"{&quot;hoteller_ext_is_scrollme&quot;:&quot;false&quot;,&quot;hoteller_ext_is_smoove&quot;:&quot;false&quot;,&quot;hoteller_ext_is_parallax_mouse&quot;:&quot;false&quot;,&quot;hoteller_ext_is_infinite&quot;:&quot;false&quot;,&quot;hoteller_ext_is_fadeout_animation&quot;:&quot;false&quot;}\">\n\t\t\t<div class=\"elementor-column-wrap elementor-element-populated\">\n\t\t\t\t\t\t\t<div class=\"elementor-widget-wrap\">\n\t\t\t\t\t\t<div class=\"elementor-element elementor-element-764ca63 medium glu elementor-widget elementor-widget-heading\" data-id=\"764ca63\" data-element_type=\"widget\" data-settings=\"{&quot;hoteller_ext_is_scrollme&quot;:&quot;false&quot;,&quot;hoteller_ext_is_smoove&quot;:&quot;false&quot;,&quot;hoteller_ext_is_parallax_mouse&quot;:&quot;false&quot;,&quot;hoteller_ext_is_infinite&quot;:&quot;false&quot;,&quot;hoteller_ext_is_fadeout_animation&quot;:&quot;false&quot;}\" data-widget_type=\"heading.default\">\n\t\t\t\t<div class=\"elementor-widget-container\">\n\t\t\t<h2 class=\"elementor-heading-title elementor-size-default\">WAS K\u00d6NNEN SIE TUN<\/h2>\t\t<\/div>\n\t\t\t\t<\/div>\n\t\t\t\t<div class=\"elementor-element elementor-element-13d40c3 piccino elementor-widget elementor-widget-text-editor\" data-id=\"13d40c3\" data-element_type=\"widget\" data-settings=\"{&quot;hoteller_ext_is_scrollme&quot;:&quot;false&quot;,&quot;hoteller_ext_is_smoove&quot;:&quot;false&quot;,&quot;hoteller_ext_is_parallax_mouse&quot;:&quot;false&quot;,&quot;hoteller_ext_is_infinite&quot;:&quot;false&quot;,&quot;hoteller_ext_is_fadeout_animation&quot;:&quot;false&quot;}\" data-widget_type=\"text-editor.default\">\n\t\t\t\t<div class=\"elementor-widget-container\">\n\t\t\t\t\t<div class=\"elementor-text-editor elementor-clearfix\"><p class=\"western\" align=\"justify\"><span style=\"font-family: Times New Roman, serif;\"><span style=\"font-family: Century Gothic, sans-serif;\">Ca 'del Mago ist der ideale Ort f\u00fcr Wanderungen im Naturpark Montemarcello \/ Magra, die mit einem Halt in der gesch\u00fctzten Bucht von Fiascherino f\u00fcr ein unvergessliches Sonnenbad abgeschlossen werden. Ca 'del Mago genie\u00dft eine privilegierte, vor dem Nordwind gesch\u00fctzte Lage und bietet an sch\u00f6nen Fr\u00fchlings- und Herbsttagen die M\u00f6glichkeit, die W\u00e4rme der Sonne zu genie\u00dfen oder sich am Ende eines Spaziergangs durch die mediterrane Macchia, wo Felsen das Meer ber\u00fchrt, in einer Sauna und einem Whirlpool zu verw\u00f6hnen.<\/span><\/span><\/p><\/div>\n\t\t\t\t<\/div>\n\t\t\t\t<\/div>\n\t\t\t\t\t\t<\/div>\n\t\t\t\t\t<\/div>\n\t\t<\/div>\n\t\t\t\t\t\t\t\t<\/div>\n\t\t\t\t\t<\/div>\n\t\t<\/section>\n\t\t\t\t<section class=\"elementor-section elementor-top-section elementor-element elementor-element-db91a61 elementor-section-boxed elementor-section-height-default elementor-section-height-default\" data-id=\"db91a61\" data-element_type=\"section\" data-settings=\"{&quot;hoteller_ext_is_background_parallax&quot;:&quot;false&quot;,&quot;hoteller_ext_is_background_on_scroll&quot;:&quot;false&quot;}\">\n\t\t\t\t\t\t<div class=\"elementor-container elementor-column-gap-default\">\n\t\t\t\t\t\t\t<div class=\"elementor-row\">\n\t\t\t\t\t<div class=\"elementor-column elementor-col-33 elementor-top-column elementor-element elementor-element-88de25c\" data-id=\"88de25c\" data-element_type=\"column\" data-settings=\"{&quot;hoteller_ext_is_scrollme&quot;:&quot;false&quot;,&quot;hoteller_ext_is_smoove&quot;:&quot;false&quot;,&quot;hoteller_ext_is_parallax_mouse&quot;:&quot;false&quot;,&quot;hoteller_ext_is_infinite&quot;:&quot;false&quot;,&quot;hoteller_ext_is_fadeout_animation&quot;:&quot;false&quot;}\">\n\t\t\t<div class=\"elementor-column-wrap elementor-element-populated\">\n\t\t\t\t\t\t\t<div class=\"elementor-widget-wrap\">\n\t\t\t\t\t\t<div class=\"elementor-element elementor-element-517022e elementor-widget elementor-widget-image\" data-id=\"517022e\" data-element_type=\"widget\" data-settings=\"{&quot;hoteller_image_is_animation&quot;:&quot;false&quot;,&quot;hoteller_ext_is_scrollme&quot;:&quot;false&quot;,&quot;hoteller_ext_is_smoove&quot;:&quot;false&quot;,&quot;hoteller_ext_is_parallax_mouse&quot;:&quot;false&quot;,&quot;hoteller_ext_is_infinite&quot;:&quot;false&quot;,&quot;hoteller_ext_is_fadeout_animation&quot;:&quot;false&quot;}\" data-widget_type=\"image.default\">\n\t\t\t\t<div class=\"elementor-widget-container\">\n\t\t\t\t\t<div class=\"elementor-image\">\n\t\t\t\t\t\t\t\t\t\t<img width=\"1024\" height=\"700\" src=\"https:\/\/cadelmago.it\/wp-content\/uploads\/2020\/11\/Panorama-dal-belvedere-del-borgo-cosa-vedere-a-Montemarcello.png\" class=\"attachment-large size-large\" alt=\"\" loading=\"lazy\" srcset=\"https:\/\/cadelmago.it\/wp-content\/uploads\/2020\/11\/Panorama-dal-belvedere-del-borgo-cosa-vedere-a-Montemarcello.png 1024w, https:\/\/cadelmago.it\/wp-content\/uploads\/2020\/11\/Panorama-dal-belvedere-del-borgo-cosa-vedere-a-Montemarcello-300x205.png 300w, https:\/\/cadelmago.it\/wp-content\/uploads\/2020\/11\/Panorama-dal-belvedere-del-borgo-cosa-vedere-a-Montemarcello-768x525.png 768w, https:\/\/cadelmago.it\/wp-content\/uploads\/2020\/11\/Panorama-dal-belvedere-del-borgo-cosa-vedere-a-Montemarcello-16x12.png 16w, https:\/\/cadelmago.it\/wp-content\/uploads\/2020\/11\/Panorama-dal-belvedere-del-borgo-cosa-vedere-a-Montemarcello-440x301.png 440w, https:\/\/cadelmago.it\/wp-content\/uploads\/2020\/11\/Panorama-dal-belvedere-del-borgo-cosa-vedere-a-Montemarcello-150x103.png 150w, https:\/\/cadelmago.it\/wp-content\/uploads\/2020\/11\/Panorama-dal-belvedere-del-borgo-cosa-vedere-a-Montemarcello-600x410.png 600w\" sizes=\"(max-width: 1024px) 100vw, 1024px\" \/>\t\t\t\t\t\t\t\t\t\t\t<\/div>\n\t\t\t\t<\/div>\n\t\t\t\t<\/div>\n\t\t\t\t\t\t<\/div>\n\t\t\t\t\t<\/div>\n\t\t<\/div>\n\t\t\t\t<div class=\"elementor-column elementor-col-33 elementor-top-column elementor-element elementor-element-1a26455\" data-id=\"1a26455\" data-element_type=\"column\" data-settings=\"{&quot;hoteller_ext_is_scrollme&quot;:&quot;false&quot;,&quot;hoteller_ext_is_smoove&quot;:&quot;false&quot;,&quot;hoteller_ext_is_parallax_mouse&quot;:&quot;false&quot;,&quot;hoteller_ext_is_infinite&quot;:&quot;false&quot;,&quot;hoteller_ext_is_fadeout_animation&quot;:&quot;false&quot;}\">\n\t\t\t<div class=\"elementor-column-wrap elementor-element-populated\">\n\t\t\t\t\t\t\t<div class=\"elementor-widget-wrap\">\n\t\t\t\t\t\t<div class=\"elementor-element elementor-element-7d9e275 elementor-widget elementor-widget-image\" data-id=\"7d9e275\" data-element_type=\"widget\" data-settings=\"{&quot;hoteller_image_is_animation&quot;:&quot;false&quot;,&quot;hoteller_ext_is_scrollme&quot;:&quot;false&quot;,&quot;hoteller_ext_is_smoove&quot;:&quot;false&quot;,&quot;hoteller_ext_is_parallax_mouse&quot;:&quot;false&quot;,&quot;hoteller_ext_is_infinite&quot;:&quot;false&quot;,&quot;hoteller_ext_is_fadeout_animation&quot;:&quot;false&quot;}\" data-widget_type=\"image.default\">\n\t\t\t\t<div class=\"elementor-widget-container\">\n\t\t\t\t\t<div class=\"elementor-image\">\n\t\t\t\t\t\t\t\t\t\t<img width=\"1024\" height=\"700\" src=\"https:\/\/cadelmago.it\/wp-content\/uploads\/2020\/10\/spiaggia-libera-bocca-di-Magra-terre-del-Magra.jpg\" class=\"attachment-large size-large\" alt=\"guest house La Spezia\" loading=\"lazy\" srcset=\"https:\/\/cadelmago.it\/wp-content\/uploads\/2020\/10\/spiaggia-libera-bocca-di-Magra-terre-del-Magra.jpg 1024w, https:\/\/cadelmago.it\/wp-content\/uploads\/2020\/10\/spiaggia-libera-bocca-di-Magra-terre-del-Magra-300x205.jpg 300w, https:\/\/cadelmago.it\/wp-content\/uploads\/2020\/10\/spiaggia-libera-bocca-di-Magra-terre-del-Magra-768x525.jpg 768w, https:\/\/cadelmago.it\/wp-content\/uploads\/2020\/10\/spiaggia-libera-bocca-di-Magra-terre-del-Magra-440x301.jpg 440w, https:\/\/cadelmago.it\/wp-content\/uploads\/2020\/10\/spiaggia-libera-bocca-di-Magra-terre-del-Magra-600x410.jpg 600w\" sizes=\"(max-width: 1024px) 100vw, 1024px\" \/>\t\t\t\t\t\t\t\t\t\t\t<\/div>\n\t\t\t\t<\/div>\n\t\t\t\t<\/div>\n\t\t\t\t\t\t<\/div>\n\t\t\t\t\t<\/div>\n\t\t<\/div>\n\t\t\t\t<div class=\"elementor-column elementor-col-33 elementor-top-column elementor-element elementor-element-3fde72d\" data-id=\"3fde72d\" data-element_type=\"column\" data-settings=\"{&quot;hoteller_ext_is_scrollme&quot;:&quot;false&quot;,&quot;hoteller_ext_is_smoove&quot;:&quot;false&quot;,&quot;hoteller_ext_is_parallax_mouse&quot;:&quot;false&quot;,&quot;hoteller_ext_is_infinite&quot;:&quot;false&quot;,&quot;hoteller_ext_is_fadeout_animation&quot;:&quot;false&quot;}\">\n\t\t\t<div class=\"elementor-column-wrap elementor-element-populated\">\n\t\t\t\t\t\t\t<div class=\"elementor-widget-wrap\">\n\t\t\t\t\t\t<div class=\"elementor-element elementor-element-b977cac elementor-widget elementor-widget-image\" data-id=\"b977cac\" data-element_type=\"widget\" data-settings=\"{&quot;hoteller_image_is_animation&quot;:&quot;false&quot;,&quot;hoteller_ext_is_scrollme&quot;:&quot;false&quot;,&quot;hoteller_ext_is_smoove&quot;:&quot;false&quot;,&quot;hoteller_ext_is_parallax_mouse&quot;:&quot;false&quot;,&quot;hoteller_ext_is_infinite&quot;:&quot;false&quot;,&quot;hoteller_ext_is_fadeout_animation&quot;:&quot;false&quot;}\" data-widget_type=\"image.default\">\n\t\t\t\t<div class=\"elementor-widget-container\">\n\t\t\t\t\t<div class=\"elementor-image\">\n\t\t\t\t\t\t\t\t\t\t<img width=\"1024\" height=\"700\" src=\"https:\/\/cadelmago.it\/wp-content\/uploads\/2020\/11\/Spiaggia-di-Fiascherino.png\" class=\"attachment-large size-large\" alt=\"Luxury house La Spezia\" loading=\"lazy\" srcset=\"https:\/\/cadelmago.it\/wp-content\/uploads\/2020\/11\/Spiaggia-di-Fiascherino.png 1024w, https:\/\/cadelmago.it\/wp-content\/uploads\/2020\/11\/Spiaggia-di-Fiascherino-300x205.png 300w, https:\/\/cadelmago.it\/wp-content\/uploads\/2020\/11\/Spiaggia-di-Fiascherino-768x525.png 768w, https:\/\/cadelmago.it\/wp-content\/uploads\/2020\/11\/Spiaggia-di-Fiascherino-16x12.png 16w, https:\/\/cadelmago.it\/wp-content\/uploads\/2020\/11\/Spiaggia-di-Fiascherino-440x301.png 440w, https:\/\/cadelmago.it\/wp-content\/uploads\/2020\/11\/Spiaggia-di-Fiascherino-150x103.png 150w, https:\/\/cadelmago.it\/wp-content\/uploads\/2020\/11\/Spiaggia-di-Fiascherino-600x410.png 600w\" sizes=\"(max-width: 1024px) 100vw, 1024px\" \/>\t\t\t\t\t\t\t\t\t\t\t<\/div>\n\t\t\t\t<\/div>\n\t\t\t\t<\/div>\n\t\t\t\t\t\t<\/div>\n\t\t\t\t\t<\/div>\n\t\t<\/div>\n\t\t\t\t\t\t\t\t<\/div>\n\t\t\t\t\t<\/div>\n\t\t<\/section>\n\t\t\t\t\t\t<\/div>\n\t\t\t\t\t\t<\/div>\n\t\t\t\t\t<\/div>","protected":false},"excerpt":{"rendered":"<p>NELLE ALTRE STAGIONI 1 Cosa fare Ca\u2019 del Mago \u00e8 la location ideale per escursioni a piedi nel parco naturale Montemarcello \/ Magra da completare con una sosta nella ridossata Baia di Fiascherino per un bagno di sole indimenticabile. Ca\u2019 [&hellip;]<\/p>","protected":false},"author":1,"featured_media":0,"parent":0,"menu_order":0,"comment_status":"closed","ping_status":"closed","template":"","meta":[],"_links":{"self":[{"href":"https:\/\/cadelmago.it\/de\/wp-json\/wp\/v2\/pages\/1449"}],"collection":[{"href":"https:\/\/cadelmago.it\/de\/wp-json\/wp\/v2\/pages"}],"about":[{"href":"https:\/\/cadelmago.it\/de\/wp-json\/wp\/v2\/types\/page"}],"author":[{"embeddable":true,"href":"https:\/\/cadelmago.it\/de\/wp-json\/wp\/v2\/users\/1"}],"replies":[{"embeddable":true,"href":"https:\/\/cadelmago.it\/de\/wp-json\/wp\/v2\/comments?post=1449"}],"version-history":[{"count":8,"href":"https:\/\/cadelmago.it\/de\/wp-json\/wp\/v2\/pages\/1449\/revisions"}],"predecessor-version":[{"id":2046,"href":"https:\/\/cadelmago.it\/de\/wp-json\/wp\/v2\/pages\/1449\/revisions\/2046"}],"wp:attachment":[{"href":"https:\/\/cadelmago.it\/de\/wp-json\/wp\/v2\/media?parent=1449"}],"curies":[{"name":"wp","href":"https:\/\/api.w.org\/{rel}","templated":true}]}}