{"id":1439,"date":"2020-10-07T16:25:59","date_gmt":"2020-10-07T14:25:59","guid":{"rendered":"https:\/\/cadelmago.it\/?page_id=1439"},"modified":"2020-10-09T13:43:56","modified_gmt":"2020-10-09T11:43:56","slug":"estate","status":"publish","type":"page","link":"https:\/\/cadelmago.it\/de\/estate\/","title":{"rendered":"Estate"},"content":{"rendered":"<div data-elementor-type=\"wp-post\" data-elementor-id=\"1439\" class=\"elementor elementor-1439\" data-elementor-settings=\"[]\">\n\t\t\t\t\t\t<div class=\"elementor-inner\">\n\t\t\t\t\t\t\t<div class=\"elementor-section-wrap\">\n\t\t\t\t\t\t\t<section class=\"elementor-section elementor-top-section elementor-element elementor-element-0505083 elementor-section-stretched elementor-section-full_width elementor-section-height-default elementor-section-height-default\" data-id=\"0505083\" data-element_type=\"section\" data-settings=\"{&quot;stretch_section&quot;:&quot;section-stretched&quot;,&quot;background_background&quot;:&quot;classic&quot;,&quot;hoteller_ext_is_background_parallax&quot;:&quot;false&quot;,&quot;hoteller_ext_is_background_on_scroll&quot;:&quot;false&quot;}\">\n\t\t\t\t\t\t<div class=\"elementor-container elementor-column-gap-default\">\n\t\t\t\t\t\t\t<div class=\"elementor-row\">\n\t\t\t\t\t<div class=\"elementor-column elementor-col-100 elementor-top-column elementor-element elementor-element-0256a59\" data-id=\"0256a59\" data-element_type=\"column\" data-settings=\"{&quot;hoteller_ext_is_scrollme&quot;:&quot;false&quot;,&quot;hoteller_ext_is_smoove&quot;:&quot;false&quot;,&quot;hoteller_ext_is_parallax_mouse&quot;:&quot;false&quot;,&quot;hoteller_ext_is_infinite&quot;:&quot;false&quot;,&quot;hoteller_ext_is_fadeout_animation&quot;:&quot;false&quot;}\">\n\t\t\t<div class=\"elementor-column-wrap elementor-element-populated\">\n\t\t\t\t\t\t\t<div class=\"elementor-widget-wrap\">\n\t\t\t\t\t\t<div class=\"elementor-element elementor-element-62fef4c animated-slow mitico elementor-invisible elementor-widget elementor-widget-hoteller-slider-parallax\" data-id=\"62fef4c\" data-element_type=\"widget\" data-settings=\"{&quot;_animation&quot;:&quot;fadeIn&quot;,&quot;hoteller_ext_is_scrollme&quot;:&quot;false&quot;,&quot;hoteller_ext_is_smoove&quot;:&quot;false&quot;,&quot;hoteller_ext_is_parallax_mouse&quot;:&quot;false&quot;,&quot;hoteller_ext_is_infinite&quot;:&quot;false&quot;,&quot;hoteller_ext_is_fadeout_animation&quot;:&quot;false&quot;}\" data-widget_type=\"hoteller-slider-parallax.default\">\n\t\t\t\t<div class=\"elementor-widget-container\">\n\t\t\t<div class=\"slider_parallax_wrapper\" data-autoplay=\"6000\" data-pagination=\"1\" data-navigation=\"0\">\n\t<div class=\"slider_parallax_inner\">\n\t\t<div class=\"slider_parallax_slides\">\n\t\t\t\t\t\t<div class=\"slide is-active\">\n\t\t          \t<div class=\"slide-content\">\n\t\t            \t<div class=\"caption\">\n\t\t\t\t\t\t\t<div class=\"title\"><h2>IM SOMMER<\/h2><\/div>\n\t\t\t\t\t\t\t<div class=\"text\">\n\t\t                \t\t\t\t              \t\t<\/div> \n\t\t\t                \t\t            \t<\/div>\n\t\t          \t<\/div>\n\t\t\t\t  \t<div class=\"image-container\"> \n\t\t            \t<img src=\"https:\/\/cadelmago.it\/wp-content\/uploads\/2020\/09\/F_R_079.jpg\" alt=\"guest house La Spezia\" class=\"image\" \/>\n\t\t          \t<\/div>\n\t\t        <\/div>\n\t\t\t\t<\/div>\n\t\t\t\t<div class=\"pagination\">\n\t\t\t\t\t        <div class=\"item is-active\"> \n\t\t          <span class=\"icon\">1<\/span>\n\t\t        <\/div>\n\t        \t    <\/div>\n\t    \t    \t<\/div>\n<\/div>\n\t\t<\/div>\n\t\t\t\t<\/div>\n\t\t\t\t\t\t<\/div>\n\t\t\t\t\t<\/div>\n\t\t<\/div>\n\t\t\t\t\t\t\t\t<\/div>\n\t\t\t\t\t<\/div>\n\t\t<\/section>\n\t\t\t\t<section class=\"elementor-section elementor-top-section elementor-element elementor-element-28abcd7 elementor-section-boxed elementor-section-height-default elementor-section-height-default\" data-id=\"28abcd7\" data-element_type=\"section\" data-settings=\"{&quot;hoteller_ext_is_background_parallax&quot;:&quot;false&quot;,&quot;hoteller_ext_is_background_on_scroll&quot;:&quot;false&quot;}\">\n\t\t\t\t\t\t<div class=\"elementor-container elementor-column-gap-default\">\n\t\t\t\t\t\t\t<div class=\"elementor-row\">\n\t\t\t\t\t<div class=\"elementor-column elementor-col-100 elementor-top-column elementor-element elementor-element-6b94968\" data-id=\"6b94968\" data-element_type=\"column\" data-settings=\"{&quot;hoteller_ext_is_scrollme&quot;:&quot;false&quot;,&quot;hoteller_ext_is_smoove&quot;:&quot;false&quot;,&quot;hoteller_ext_is_parallax_mouse&quot;:&quot;false&quot;,&quot;hoteller_ext_is_infinite&quot;:&quot;false&quot;,&quot;hoteller_ext_is_fadeout_animation&quot;:&quot;false&quot;}\">\n\t\t\t<div class=\"elementor-column-wrap elementor-element-populated\">\n\t\t\t\t\t\t\t<div class=\"elementor-widget-wrap\">\n\t\t\t\t\t\t<div class=\"elementor-element elementor-element-764ca63 medium glu elementor-widget elementor-widget-heading\" data-id=\"764ca63\" data-element_type=\"widget\" data-settings=\"{&quot;hoteller_ext_is_scrollme&quot;:&quot;false&quot;,&quot;hoteller_ext_is_smoove&quot;:&quot;false&quot;,&quot;hoteller_ext_is_parallax_mouse&quot;:&quot;false&quot;,&quot;hoteller_ext_is_infinite&quot;:&quot;false&quot;,&quot;hoteller_ext_is_fadeout_animation&quot;:&quot;false&quot;}\" data-widget_type=\"heading.default\">\n\t\t\t\t<div class=\"elementor-widget-container\">\n\t\t\t<h2 class=\"elementor-heading-title elementor-size-default\">WAS K\u00d6NNEN SIE TUN<\/h2>\t\t<\/div>\n\t\t\t\t<\/div>\n\t\t\t\t<div class=\"elementor-element elementor-element-13d40c3 piccino elementor-widget elementor-widget-text-editor\" data-id=\"13d40c3\" data-element_type=\"widget\" data-settings=\"{&quot;hoteller_ext_is_scrollme&quot;:&quot;false&quot;,&quot;hoteller_ext_is_smoove&quot;:&quot;false&quot;,&quot;hoteller_ext_is_parallax_mouse&quot;:&quot;false&quot;,&quot;hoteller_ext_is_infinite&quot;:&quot;false&quot;,&quot;hoteller_ext_is_fadeout_animation&quot;:&quot;false&quot;}\" data-widget_type=\"text-editor.default\">\n\t\t\t\t<div class=\"elementor-widget-container\">\n\t\t\t\t\t<div class=\"elementor-text-editor elementor-clearfix\"><p class=\"western translation-block\" align=\"justify\">Ca 'del Mago bietet seinen G\u00e4sten ein Solarium und ein Au\u00dfenschwimmbad, in dem man den ganzen Tag in der Sonne liegen und sich im Pool entspannen kann, zus\u00e4tzlich zum SPA mit Hydromassage-Pool, Sauna und Duschkabine mit t\u00fcrkischem Bad f\u00fcr das Wohlbefinden der G\u00e4ste zu allen Jahreszeiten. Die besondere Lage des Bauwerks erm\u00f6glicht es, die eindrucksvollsten Str\u00e4nde des Golfs der Poeten schnell zu erreichen. Insbesondere, Baia di Fiascherinoa angenehme Fleck Sand zwischen den Felsen (erreichbar zu Fu\u00df \u00fcber einen 20-min\u00fctigen Abstieg, der von Ca 'del Mago abf\u00e4hrt), das Eco del Mare, luxuri\u00f6se und exklusive Einrichtung, der Lido di Lerici (ausgestatteter Strand nur wenige Schritte vom Zentrum von Lerici entfernt), das Venere Azzurra (gro\u00dfer Sandstrand zwischen Lerici und San Terenzo), die Baia Blu (beliebter Strand zwischen Lerici und La Spezia). Zwischen Lerici und Tellaro gibt es zahlreiche Buchten, die zu Fu\u00df oder \u00fcber das Meer erreicht werden k\u00f6nnen. F\u00fcr diejenigen, die das Abenteuer lieben, gibt es den Strand von Punta Corvo, den man vom Dorf Montemarcello aus \u00fcber eine steile und manchmal undurchdringliche Treppe zwischen den Seekiefern mit etwa 1000 Stufen erreichen kann. Der Standort bietet auch die M\u00f6glichkeit, unvergessliche Spazierg\u00e4nge in der Mittelmeermacchia zu unternehmen, die sich bis zum Meer erstreckt.<\/p><\/div>\n\t\t\t\t<\/div>\n\t\t\t\t<\/div>\n\t\t\t\t\t\t<\/div>\n\t\t\t\t\t<\/div>\n\t\t<\/div>\n\t\t\t\t\t\t\t\t<\/div>\n\t\t\t\t\t<\/div>\n\t\t<\/section>\n\t\t\t\t<section class=\"elementor-section elementor-top-section elementor-element elementor-element-db91a61 elementor-section-boxed elementor-section-height-default elementor-section-height-default\" data-id=\"db91a61\" data-element_type=\"section\" data-settings=\"{&quot;hoteller_ext_is_background_parallax&quot;:&quot;false&quot;,&quot;hoteller_ext_is_background_on_scroll&quot;:&quot;false&quot;}\">\n\t\t\t\t\t\t<div class=\"elementor-container elementor-column-gap-default\">\n\t\t\t\t\t\t\t<div class=\"elementor-row\">\n\t\t\t\t\t<div class=\"elementor-column elementor-col-33 elementor-top-column elementor-element elementor-element-88de25c\" data-id=\"88de25c\" data-element_type=\"column\" data-settings=\"{&quot;hoteller_ext_is_scrollme&quot;:&quot;false&quot;,&quot;hoteller_ext_is_smoove&quot;:&quot;false&quot;,&quot;hoteller_ext_is_parallax_mouse&quot;:&quot;false&quot;,&quot;hoteller_ext_is_infinite&quot;:&quot;false&quot;,&quot;hoteller_ext_is_fadeout_animation&quot;:&quot;false&quot;}\">\n\t\t\t<div class=\"elementor-column-wrap elementor-element-populated\">\n\t\t\t\t\t\t\t<div class=\"elementor-widget-wrap\">\n\t\t\t\t\t\t<div class=\"elementor-element elementor-element-517022e elementor-widget elementor-widget-image\" data-id=\"517022e\" data-element_type=\"widget\" data-settings=\"{&quot;hoteller_image_is_animation&quot;:&quot;false&quot;,&quot;hoteller_ext_is_scrollme&quot;:&quot;false&quot;,&quot;hoteller_ext_is_smoove&quot;:&quot;false&quot;,&quot;hoteller_ext_is_parallax_mouse&quot;:&quot;false&quot;,&quot;hoteller_ext_is_infinite&quot;:&quot;false&quot;,&quot;hoteller_ext_is_fadeout_animation&quot;:&quot;false&quot;}\" data-widget_type=\"image.default\">\n\t\t\t\t<div class=\"elementor-widget-container\">\n\t\t\t\t\t<div class=\"elementor-image\">\n\t\t\t\t\t\t\t\t\t\t<img width=\"933\" height=\"700\" src=\"https:\/\/cadelmago.it\/wp-content\/uploads\/2020\/10\/Lerici-e-il-Golfo-da-La-Serra.jpg\" class=\"attachment-large size-large\" alt=\"casa vacanza lerici\" loading=\"lazy\" srcset=\"https:\/\/cadelmago.it\/wp-content\/uploads\/2020\/10\/Lerici-e-il-Golfo-da-La-Serra.jpg 933w, https:\/\/cadelmago.it\/wp-content\/uploads\/2020\/10\/Lerici-e-il-Golfo-da-La-Serra-300x225.jpg 300w, https:\/\/cadelmago.it\/wp-content\/uploads\/2020\/10\/Lerici-e-il-Golfo-da-La-Serra-768x576.jpg 768w, https:\/\/cadelmago.it\/wp-content\/uploads\/2020\/10\/Lerici-e-il-Golfo-da-La-Serra-440x330.jpg 440w, https:\/\/cadelmago.it\/wp-content\/uploads\/2020\/10\/Lerici-e-il-Golfo-da-La-Serra-24x18.jpg 24w, https:\/\/cadelmago.it\/wp-content\/uploads\/2020\/10\/Lerici-e-il-Golfo-da-La-Serra-36x27.jpg 36w, https:\/\/cadelmago.it\/wp-content\/uploads\/2020\/10\/Lerici-e-il-Golfo-da-La-Serra-48x36.jpg 48w, https:\/\/cadelmago.it\/wp-content\/uploads\/2020\/10\/Lerici-e-il-Golfo-da-La-Serra-600x450.jpg 600w\" sizes=\"(max-width: 933px) 100vw, 933px\" \/>\t\t\t\t\t\t\t\t\t\t\t<\/div>\n\t\t\t\t<\/div>\n\t\t\t\t<\/div>\n\t\t\t\t\t\t<\/div>\n\t\t\t\t\t<\/div>\n\t\t<\/div>\n\t\t\t\t<div class=\"elementor-column elementor-col-33 elementor-top-column elementor-element elementor-element-1a26455\" data-id=\"1a26455\" data-element_type=\"column\" data-settings=\"{&quot;hoteller_ext_is_scrollme&quot;:&quot;false&quot;,&quot;hoteller_ext_is_smoove&quot;:&quot;false&quot;,&quot;hoteller_ext_is_parallax_mouse&quot;:&quot;false&quot;,&quot;hoteller_ext_is_infinite&quot;:&quot;false&quot;,&quot;hoteller_ext_is_fadeout_animation&quot;:&quot;false&quot;}\">\n\t\t\t<div class=\"elementor-column-wrap elementor-element-populated\">\n\t\t\t\t\t\t\t<div class=\"elementor-widget-wrap\">\n\t\t\t\t\t\t<div class=\"elementor-element elementor-element-7d9e275 elementor-widget elementor-widget-image\" data-id=\"7d9e275\" data-element_type=\"widget\" data-settings=\"{&quot;hoteller_image_is_animation&quot;:&quot;false&quot;,&quot;hoteller_ext_is_scrollme&quot;:&quot;false&quot;,&quot;hoteller_ext_is_smoove&quot;:&quot;false&quot;,&quot;hoteller_ext_is_parallax_mouse&quot;:&quot;false&quot;,&quot;hoteller_ext_is_infinite&quot;:&quot;false&quot;,&quot;hoteller_ext_is_fadeout_animation&quot;:&quot;false&quot;}\" data-widget_type=\"image.default\">\n\t\t\t\t<div class=\"elementor-widget-container\">\n\t\t\t\t\t<div class=\"elementor-image\">\n\t\t\t\t\t\t\t\t\t\t<img width=\"933\" height=\"700\" src=\"https:\/\/cadelmago.it\/wp-content\/uploads\/2020\/10\/Spiaggia-della-Venere-Azzurra.jpg\" class=\"attachment-large size-large\" alt=\"casa vacanza lerici\" loading=\"lazy\" srcset=\"https:\/\/cadelmago.it\/wp-content\/uploads\/2020\/10\/Spiaggia-della-Venere-Azzurra.jpg 933w, https:\/\/cadelmago.it\/wp-content\/uploads\/2020\/10\/Spiaggia-della-Venere-Azzurra-300x225.jpg 300w, https:\/\/cadelmago.it\/wp-content\/uploads\/2020\/10\/Spiaggia-della-Venere-Azzurra-768x576.jpg 768w, https:\/\/cadelmago.it\/wp-content\/uploads\/2020\/10\/Spiaggia-della-Venere-Azzurra-440x330.jpg 440w, https:\/\/cadelmago.it\/wp-content\/uploads\/2020\/10\/Spiaggia-della-Venere-Azzurra-24x18.jpg 24w, https:\/\/cadelmago.it\/wp-content\/uploads\/2020\/10\/Spiaggia-della-Venere-Azzurra-36x27.jpg 36w, https:\/\/cadelmago.it\/wp-content\/uploads\/2020\/10\/Spiaggia-della-Venere-Azzurra-48x36.jpg 48w, https:\/\/cadelmago.it\/wp-content\/uploads\/2020\/10\/Spiaggia-della-Venere-Azzurra-600x450.jpg 600w\" sizes=\"(max-width: 933px) 100vw, 933px\" \/>\t\t\t\t\t\t\t\t\t\t\t<\/div>\n\t\t\t\t<\/div>\n\t\t\t\t<\/div>\n\t\t\t\t\t\t<\/div>\n\t\t\t\t\t<\/div>\n\t\t<\/div>\n\t\t\t\t<div class=\"elementor-column elementor-col-33 elementor-top-column elementor-element elementor-element-3fde72d\" data-id=\"3fde72d\" data-element_type=\"column\" data-settings=\"{&quot;hoteller_ext_is_scrollme&quot;:&quot;false&quot;,&quot;hoteller_ext_is_smoove&quot;:&quot;false&quot;,&quot;hoteller_ext_is_parallax_mouse&quot;:&quot;false&quot;,&quot;hoteller_ext_is_infinite&quot;:&quot;false&quot;,&quot;hoteller_ext_is_fadeout_animation&quot;:&quot;false&quot;}\">\n\t\t\t<div class=\"elementor-column-wrap elementor-element-populated\">\n\t\t\t\t\t\t\t<div class=\"elementor-widget-wrap\">\n\t\t\t\t\t\t<div class=\"elementor-element elementor-element-b977cac elementor-widget elementor-widget-image\" data-id=\"b977cac\" data-element_type=\"widget\" data-settings=\"{&quot;hoteller_image_is_animation&quot;:&quot;false&quot;,&quot;hoteller_ext_is_scrollme&quot;:&quot;false&quot;,&quot;hoteller_ext_is_smoove&quot;:&quot;false&quot;,&quot;hoteller_ext_is_parallax_mouse&quot;:&quot;false&quot;,&quot;hoteller_ext_is_infinite&quot;:&quot;false&quot;,&quot;hoteller_ext_is_fadeout_animation&quot;:&quot;false&quot;}\" data-widget_type=\"image.default\">\n\t\t\t\t<div class=\"elementor-widget-container\">\n\t\t\t\t\t<div class=\"elementor-image\">\n\t\t\t\t\t\t\t\t\t\t<img width=\"933\" height=\"700\" src=\"https:\/\/cadelmago.it\/wp-content\/uploads\/2020\/10\/Baia-dellEco-del-Mare.jpg\" class=\"attachment-large size-large\" alt=\"casa vacanza lerici\" loading=\"lazy\" srcset=\"https:\/\/cadelmago.it\/wp-content\/uploads\/2020\/10\/Baia-dellEco-del-Mare.jpg 933w, https:\/\/cadelmago.it\/wp-content\/uploads\/2020\/10\/Baia-dellEco-del-Mare-300x225.jpg 300w, https:\/\/cadelmago.it\/wp-content\/uploads\/2020\/10\/Baia-dellEco-del-Mare-768x576.jpg 768w, https:\/\/cadelmago.it\/wp-content\/uploads\/2020\/10\/Baia-dellEco-del-Mare-440x330.jpg 440w, https:\/\/cadelmago.it\/wp-content\/uploads\/2020\/10\/Baia-dellEco-del-Mare-24x18.jpg 24w, https:\/\/cadelmago.it\/wp-content\/uploads\/2020\/10\/Baia-dellEco-del-Mare-36x27.jpg 36w, https:\/\/cadelmago.it\/wp-content\/uploads\/2020\/10\/Baia-dellEco-del-Mare-48x36.jpg 48w, https:\/\/cadelmago.it\/wp-content\/uploads\/2020\/10\/Baia-dellEco-del-Mare-600x450.jpg 600w\" sizes=\"(max-width: 933px) 100vw, 933px\" \/>\t\t\t\t\t\t\t\t\t\t\t<\/div>\n\t\t\t\t<\/div>\n\t\t\t\t<\/div>\n\t\t\t\t\t\t<\/div>\n\t\t\t\t\t<\/div>\n\t\t<\/div>\n\t\t\t\t\t\t\t\t<\/div>\n\t\t\t\t\t<\/div>\n\t\t<\/section>\n\t\t\t\t\t\t<\/div>\n\t\t\t\t\t\t<\/div>\n\t\t\t\t\t<\/div>","protected":false},"excerpt":{"rendered":"<p>IN ESTATE 1 Cosa fare Ca\u2019 del Mago mette a disposizione dei propri ospiti un solarium ed una piscina esterna ove \u00e8 possibile trascorrere l\u2019intera giornata tra bagni di sole e relax in piscina, oltre alla SPA con piscina idromassaggio, [&hellip;]<\/p>","protected":false},"author":1,"featured_media":0,"parent":0,"menu_order":0,"comment_status":"closed","ping_status":"closed","template":"","meta":[],"_links":{"self":[{"href":"https:\/\/cadelmago.it\/de\/wp-json\/wp\/v2\/pages\/1439"}],"collection":[{"href":"https:\/\/cadelmago.it\/de\/wp-json\/wp\/v2\/pages"}],"about":[{"href":"https:\/\/cadelmago.it\/de\/wp-json\/wp\/v2\/types\/page"}],"author":[{"embeddable":true,"href":"https:\/\/cadelmago.it\/de\/wp-json\/wp\/v2\/users\/1"}],"replies":[{"embeddable":true,"href":"https:\/\/cadelmago.it\/de\/wp-json\/wp\/v2\/comments?post=1439"}],"version-history":[{"count":6,"href":"https:\/\/cadelmago.it\/de\/wp-json\/wp\/v2\/pages\/1439\/revisions"}],"predecessor-version":[{"id":1732,"href":"https:\/\/cadelmago.it\/de\/wp-json\/wp\/v2\/pages\/1439\/revisions\/1732"}],"wp:attachment":[{"href":"https:\/\/cadelmago.it\/de\/wp-json\/wp\/v2\/media?parent=1439"}],"curies":[{"name":"wp","href":"https:\/\/api.w.org\/{rel}","templated":true}]}}